{"id":318,"date":"2021-12-22T15:28:32","date_gmt":"2021-12-22T15:28:32","guid":{"rendered":"https:\/\/getup.erasmus.site\/?page_id=318"},"modified":"2022-12-30T13:30:49","modified_gmt":"2022-12-30T13:30:49","slug":"the-project","status":"publish","type":"page","link":"https:\/\/getup.erasmus.site\/es\/the-project\/","title":{"rendered":"El proyecto"},"content":{"rendered":"<section class=\"elementor-section elementor-inner-section elementor-element elementor-element-4a1eb8c elementor-section-boxed elementor-section-height-default elementor-section-height-default\" data-id=\"4a1eb8c\" data-element_type=\"section\">\n<div class=\"elementor-container elementor-column-gap-narrow\">\n<div class=\"elementor-column elementor-col-100 elementor-inner-column elementor-element elementor-element-2f264e4\" data-id=\"2f264e4\" data-element_type=\"column\" data-settings=\"{&quot;background_background&quot;:&quot;classic&quot;}\">\n<div class=\"elementor-widget-wrap elementor-element-populated\">\n<div class=\"elementor-element elementor-element-7f9466b elementor-widget elementor-widget-text-editor\" data-id=\"7f9466b\" data-element_type=\"widget\" data-widget_type=\"text-editor.default\">\n<div class=\"elementor-widget-container\">\n<h2 class=\"elementor-heading-title elementor-size-default\" style=\"text-align: center;\"><strong>CONTEXTO<\/strong><\/h2>\n<p>La actual crisis surgida por el COVID-19 ha acelerado enormemente la necesidad de modernizar y transformar digitalmente los sistemas de educaci\u00f3n y formaci\u00f3n en toda Europa. Reforzar la capacidad de las instituciones educativas y formativas para ofrecer una educaci\u00f3n digital inclusiva y de alta calidad se ha convertido en una necesidad fundamental.<\/p>\n<p>Por otra parte, la protecci\u00f3n del medio ambiente es uno de los mayores retos de nuestro tiempo y existe inter\u00e9s y voluntad entre los pa\u00edses de comprometerse en el desarrollo de herramientas y estrategias en toda Europa.<\/p>\n<p>Los expertos en medio ambiente, los profesores y los profesionales son conscientes de que las actividades de educaci\u00f3n ambiental son dif\u00edciles de integrar en el instituto. La raz\u00f3n principal es que los alumnos m\u00e1s mayores necesitan un estilo de comunicaci\u00f3n distinto, m\u00e1s acorde con sus intereses personales y basado en un mayor uso de los nuevos medios de comunicaci\u00f3n y redes sociales.<\/p>\n<p>El Parque Natural es un espacio en el que se desarrollan actividades econ\u00f3micas relevantes como la agricultura, el turismo, la explotaci\u00f3n maderera y la pesca. Esto ocurre en lugares de gran sensibilidad ambiental, cuya gesti\u00f3n requiere la b\u00fasqueda de un equilibrio continuo y una din\u00e1mica entre las actividades humanas y la conservaci\u00f3n de la biodiversidad, una aplicaci\u00f3n d\u00eda a d\u00eda de la noci\u00f3n de sostenibilidad.<\/p>\n<h2 class=\"elementor-heading-title elementor-size-default\" style=\"text-align: center;\"><strong>OBJETIVOS<\/strong><\/h2>\n<div class=\"elementor-element elementor-element-b189faf elementor-widget elementor-widget-text-editor\" data-id=\"b189faf\" data-element_type=\"widget\" data-widget_type=\"text-editor.default\">\n<div class=\"elementor-widget-container\">\n<p>El proyecto se centra en las prioridades del programa Erasmus+ en para desarrollar la capacidad de implementar la ense\u00f1anza y el aprendizaje en l\u00ednea, a distancia y combin\u00e1ndolos; desarrollar competencias pedag\u00f3gicas digitales de las personas educadoras, permiti\u00e9ndoles impartir una educaci\u00f3n digital inclusiva de alta calidad; y desarrollar y\/o utilizar contenidos digitales de alta calidad. Las asociaciones promover\u00e1n la creaci\u00f3n de redes de instituciones en toda la UE, la puesta en com\u00fan de recursos y conocimientos, y la colaboraci\u00f3n con proveedores y expertos en tecnolog\u00eda digital y pr\u00e1cticas pedag\u00f3gicas pertinentes, para desarrollar soluciones a medida adaptadas a los retos y realidades locales.<\/p>\n<p>GET UP! aumenta los conocimientos y la concienciaci\u00f3n sobre cuestiones medioambientales en el estudiantado de instituto, pr\u00f3ximos a convertirse en ciudadanos de pleno derecho y a entrar en el mercado laboral, estimulando su inter\u00e9s con el lenguaje y las modalidades de los nuevos medios de comunicaci\u00f3n.<\/p>\n<p>De hecho, GET UP! pretende potenciar el conocimiento de los problemas y cuestiones relacionadas con la conservaci\u00f3n de la naturaleza y, en consecuencia, con los retos medioambientales locales y globales por parte de los estudiantes. Adem\u00e1s, el proyecto da las primeras nociones y habilidades sobre la resoluci\u00f3n de problemas, en las TIC y en la cultura digital.<\/p>\n<p>En este contexto, GET UP! establece 3 objetivos principales:<\/p>\n<p>OBJETIVO 1: Gamificaci\u00f3n innovadora y digital como herramienta educativa para escuelas superiores sobre Parques y medio ambiente.<\/p>\n<p>OBJETIVO 2: Promoci\u00f3n de la protecci\u00f3n de la biodiversidad y los parques naturales como valor social y educativo relevante del patrimonio cultural europeo, con fuertes conexiones con la creaci\u00f3n de empleo y el crecimiento econ\u00f3mico.<\/p>\n<p>OBJETIVO 3: Reforzar el perfil de las profesiones docentes con nuevas habilidades y conocimientos en herramientas digitales y gamificaci\u00f3n.<\/p><\/div>\n<\/div>\n<\/div>\n<\/div>\n<\/div>\n<\/div>\n<\/div>\n<\/section>\n","protected":false},"excerpt":{"rendered":"<p>CONTEXTO La actual crisis surgida por el COVID-19 ha acelerado enormemente la necesidad de modernizar y transformar digitalmente los sistemas de educaci\u00f3n y formaci\u00f3n en toda Europa. Reforzar la capacidad de las instituciones educativas y formativas para ofrecer una educaci\u00f3n digital inclusiva y de alta calidad se ha convertido en una necesidad fundamental. Por otra&hellip;&nbsp;<a href=\"https:\/\/getup.erasmus.site\/es\/the-project\/\" rel=\"bookmark\">Leer m\u00e1s &raquo;<span class=\"screen-reader-text\">El proyecto<\/span><\/a><\/p>\n","protected":false},"author":1,"featured_media":0,"parent":0,"menu_order":0,"comment_status":"closed","ping_status":"closed","template":"","meta":{"neve_meta_sidebar":"","neve_meta_container":"","neve_meta_enable_content_width":"off","neve_meta_content_width":100,"neve_meta_title_alignment":"","neve_meta_author_avatar":"","neve_post_elements_order":"","neve_meta_disable_header":"","neve_meta_disable_footer":"","neve_meta_disable_title":"","footnotes":""},"class_list":["post-318","page","type-page","status-publish","hentry"],"_links":{"self":[{"href":"https:\/\/getup.erasmus.site\/es\/wp-json\/wp\/v2\/pages\/318","targetHints":{"allow":["GET"]}}],"collection":[{"href":"https:\/\/getup.erasmus.site\/es\/wp-json\/wp\/v2\/pages"}],"about":[{"href":"https:\/\/getup.erasmus.site\/es\/wp-json\/wp\/v2\/types\/page"}],"author":[{"embeddable":true,"href":"https:\/\/getup.erasmus.site\/es\/wp-json\/wp\/v2\/users\/1"}],"replies":[{"embeddable":true,"href":"https:\/\/getup.erasmus.site\/es\/wp-json\/wp\/v2\/comments?post=318"}],"version-history":[{"count":9,"href":"https:\/\/getup.erasmus.site\/es\/wp-json\/wp\/v2\/pages\/318\/revisions"}],"predecessor-version":[{"id":586,"href":"https:\/\/getup.erasmus.site\/es\/wp-json\/wp\/v2\/pages\/318\/revisions\/586"}],"wp:attachment":[{"href":"https:\/\/getup.erasmus.site\/es\/wp-json\/wp\/v2\/media?parent=318"}],"curies":[{"name":"wp","href":"https:\/\/api.w.org\/{rel}","templated":true}]}}