{"id":309,"date":"2021-12-22T11:48:41","date_gmt":"2021-12-22T11:48:41","guid":{"rendered":"https:\/\/getup.erasmus.site\/?page_id=309"},"modified":"2023-06-20T06:55:32","modified_gmt":"2023-06-20T06:55:32","slug":"intellectual-outputs","status":"publish","type":"page","link":"https:\/\/getup.erasmus.site\/is\/intellectual-outputs\/","title":{"rendered":"Afur\u00f0 (IO)"},"content":{"rendered":"\t\t<div data-elementor-type=\"wp-page\" data-elementor-id=\"309\" class=\"elementor elementor-309\">\n\t\t\t\t\t\t<section class=\"elementor-section elementor-top-section elementor-element elementor-element-72c73495 elementor-section-boxed elementor-section-height-default elementor-section-height-default\" data-id=\"72c73495\" data-element_type=\"section\" data-e-type=\"section\">\n\t\t\t\t\t\t<div class=\"elementor-container elementor-column-gap-default\">\n\t\t\t\t\t<div class=\"elementor-column elementor-col-100 elementor-top-column elementor-element elementor-element-62e9addf\" data-id=\"62e9addf\" data-element_type=\"column\" data-e-type=\"column\">\n\t\t\t<div class=\"elementor-widget-wrap elementor-element-populated\">\n\t\t\t\t\t\t<div class=\"elementor-element elementor-element-68399396 elementor-widget elementor-widget-text-editor\" data-id=\"68399396\" data-element_type=\"widget\" data-e-type=\"widget\" data-widget_type=\"text-editor.default\">\n\t\t\t\t<div class=\"elementor-widget-container\">\n\t\t\t\t\t\t\t\t\t\n<h4>Afur\u00f0 4 (IO4): Stafr\u00e6nt n\u00e1msefni um n\u00e1tt\u00faruverndarsv\u00e6\u00f0i og umhverfi\u00f0<\/h4>\nL\u00ddSING \u00e1 afur\u00f0\n\nFr\u00e6\u00f0sluleikurinn mun l\u00edkja eftir \u00e1skorunum sem stj\u00f3rnendur \u00fej\u00f3\u00f0gar\u00f0a og n\u00e1tt\u00faruverndarsv\u00e6\u00f0a eins og EPEO og sv\u00e6\u00f0isgar\u00f0a Sierra de Espad\u00e0 ver\u00f0a a\u00f0 takast \u00e1 vi\u00f0 \u00ed daglegu starfi s\u00ednu. \u00dear sem n\u00e1tt\u00faruverndarsv\u00e6\u00f0i eru starfr\u00e6kt me\u00f0 \u00fea\u00f0 a\u00f0 markmi\u00f0i a\u00f0 hl\u00faa a\u00f0 sj\u00e1lfb\u00e6rni, eru meginmarkmi\u00f0 starfsf\u00f3lks jafnan a\u00f0 sinna\u00a0 n\u00e1tt\u00faruvernd, en jafnframt sn\u00fdst reksturinn um \u00fer\u00f3un og velfer\u00f0 sveitarf\u00e9laga, \u00fe.e. a\u00f0 samf\u00e9l\u00f6gin \u00fear sem n\u00e1tt\u00faruverndarsv\u00e6\u00f0in eru dafni. \u00deetta \u00fe\u00fd\u00f0ir a\u00f0 \u00e1 n\u00e1tt\u00faruverndarsv\u00e6\u00f0um er tekist \u00e1 vi\u00f0 fl\u00f3kin og \u00f3l\u00edk verkefni sem \u00fej\u00f3na mismunandi markmi\u00f0um og passa vi\u00f0 hlutverk leikmanns \u00ed leiknum sem verkefni\u00f0 sn\u00fdst um. \u00dear hefur leikjaspilari \u00fea\u00f0 hlutverk a\u00f0 skipuleggja\u00a0 n\u00fdtingu fj\u00e1rmagns til a\u00f0 n\u00e1 fram markmi\u00f0um \u00ed rekstrinum \u00e1samt \u00fev\u00ed a\u00f0 vi\u00f0haldi n\u00e1tt\u00farg\u00e6\u00f0um og \u00fe\u00e1ttt\u00f6ku, e\u00f0a velvild\u00a0 almennings.\n\nIO4 er t\u00f6lvuleikur sem s\u00fdnir landuppl\u00fdsingar me\u00f0 m\u00f6rkum verndarsv\u00e6\u00f0anna sem velja m\u00e1 um og mismunandi a\u00f0st\u00e6\u00f0ur \u00feeirra a\u00f0 minnsta kosti fimm n\u00e1tt\u00faruverndarsv\u00e6\u00f0a: Cento Laghi og Park of River Taro, b\u00e6\u00f0i stj\u00f3rna\u00f0 af EPEO og \u00ed Continental European Biogeographic (sj\u00e1 EU Natura 2000 net); sv\u00e6\u00f0isgar\u00f0urinn \u00ed Sierra de Espad\u00e0, \u00e1 Mi\u00f0jar\u00f0arhafssv\u00e6\u00f0inu \u00ed Evr\u00f3pu; \u00dej\u00f3\u00f0gar\u00f0urinn Sn\u00e6fellsj\u00f6kull, \u00e1 heimskautasv\u00e6\u00f0i Evr\u00f3pu; og a\u00f0 lokum, vernda\u00f0 landslag Litlu Karpatafjallanna, \u00ed alpalandslagi \u00ed Evr\u00f3pu.\n\nLeikurinn mun n\u00e1 yfir sv\u00e6\u00f0i me\u00f0 \u00ferj\u00e1 mismunandi verndarflokka (sv\u00e6\u00f0isgar\u00f0ur (f\u00f3lkvangur), \u00fej\u00f3\u00f0gar\u00f0ur og vernda\u00f0 landslag) og fj\u00f3rar tegundir af evr\u00f3psku landfr\u00e6\u00f0ilegu umhverfi (heimskautssv\u00e6\u00f0i, alpasv\u00e6\u00f0i, meginland og Mi\u00f0jar\u00f0arhaf).\n\nMARKMI\u00d0\n\nA\u00f0 \u00fer\u00f3a stafr\u00e6nt t\u00f3l sem hj\u00e1lpar til vi\u00f0 n\u00e1m nemenda hva\u00f0 var\u00f0ar umhverfismennt, sem getur b\u00e6\u00f0i veri\u00f0 skemmtilegt og fr\u00e6\u00f0andi. A\u00f0 auki stu\u00f0lar \u00fea\u00f0 a\u00f0 markmi\u00f0i 1 (n\u00fdjungar og stafr\u00e6nar leikjalausnir me\u00f0 n\u00e1ms- og fr\u00e6\u00f0slumarkmi\u00f0 fyrir nemendur \u00e1 unglingastigi og \u00ed menntask\u00f3lum um n\u00e1tt\u00faruverndarsv\u00e6\u00f0i og umhverfi); Markmi\u00f0 2 (efling og verndun l\u00edffr\u00e6\u00f0ilegrar fj\u00f6lbreytni og n\u00e1tt\u00faruverndarsv\u00e6\u00f0a me\u00f0 f\u00e9lagslegt og uppeldislegt gildi evr\u00f3pskrar menningararfleif\u00f0ar og me\u00f0 sterkum tengslum vi\u00f0 atvinnusk\u00f6pun og hagv\u00f6xt) nemendur munu geta l\u00e6rt um\u00a0 n\u00e1tt\u00faruverndarsv\u00e6\u00f0i og fengi\u00f0 aukinn \u00a0skilning \u00e1 mikilv\u00e6gi \u00feeirra og hlutverk \u00ed samf\u00e9laginu; og markmi\u00f0 3 (a\u00f0 efla f\u00e6rni \u00a0kennarast\u00e9tta og b\u00e6ta \u00feekkingu \u00ed stafr\u00e6num verkf\u00e6rum og a\u00f0 n\u00fdta leiki til kennslu \u00a0(gamefication) \u00fear sem kennarar munu hafa\u00a0 t\u00f3l vi\u00f0 h\u00f6ndina sem au\u00f0velt er a\u00f0 beita \u00ed kennslustundum.\n\n<\/div>\t\t\t\t\t\t\t\t<\/div>\n\t\t\t\t<\/div>\n\t\t\t\t\t<\/div>\n\t\t<\/div>\n\t\t\t\t\t<\/div>\n\t\t<\/section>\n\t\t\t\t<section class=\"elementor-section elementor-top-section elementor-element elementor-element-c2b3cef elementor-section-boxed elementor-section-height-default elementor-section-height-default\" data-id=\"c2b3cef\" data-element_type=\"section\" data-e-type=\"section\">\n\t\t\t\t\t\t<div class=\"elementor-container elementor-column-gap-default\">\n\t\t\t\t\t<div class=\"elementor-column elementor-col-100 elementor-top-column elementor-element elementor-element-10aeb96\" data-id=\"10aeb96\" data-element_type=\"column\" data-e-type=\"column\">\n\t\t\t<div class=\"elementor-widget-wrap elementor-element-populated\">\n\t\t\t\t\t\t<div class=\"elementor-element elementor-element-d912bfd elementor-widget elementor-widget-heading\" data-id=\"d912bfd\" data-element_type=\"widget\" data-e-type=\"widget\" data-widget_type=\"heading.default\">\n\t\t\t\t<div class=\"elementor-widget-container\">\n\t\t\t\t\t<h2 class=\"elementor-heading-title elementor-size-default\">PARK REPORT<\/h2>\t\t\t\t<\/div>\n\t\t\t\t<\/div>\n\t\t\t\t\t<\/div>\n\t\t<\/div>\n\t\t\t\t\t<\/div>\n\t\t<\/section>\n\t\t\t\t<section class=\"elementor-section elementor-top-section elementor-element elementor-element-69e8963 elementor-section-boxed elementor-section-height-default elementor-section-height-default\" data-id=\"69e8963\" data-element_type=\"section\" data-e-type=\"section\">\n\t\t\t\t\t\t<div class=\"elementor-container elementor-column-gap-default\">\n\t\t\t\t\t<div class=\"elementor-column elementor-col-33 elementor-top-column elementor-element elementor-element-74e1ef7\" data-id=\"74e1ef7\" data-element_type=\"column\" data-e-type=\"column\">\n\t\t\t<div class=\"elementor-widget-wrap elementor-element-populated\">\n\t\t\t\t\t\t<div class=\"elementor-element elementor-element-b957547 elementor-widget elementor-widget-text-editor\" data-id=\"b957547\" data-element_type=\"widget\" data-e-type=\"widget\" data-widget_type=\"text-editor.default\">\n\t\t\t\t<div class=\"elementor-widget-container\">\n\t\t\t\t\t\t\t\t\t<p style=\"text-align: center;\"><a href=\"https:\/\/getup.erasmus.site\/wp-content\/uploads\/2023\/06\/Cento-Laghi-Park-Report-for-website.pdf\" target=\"_blank\" rel=\"noopener noreferrer\">\n<img fetchpriority=\"high\" decoding=\"async\" class=\"size-medium wp-image-117 aligncenter\" src=\"https:\/\/getup.erasmus.site\/wp-content\/uploads\/2023\/06\/Cento-Laghi-Park-Report-for-website-page-001.jpg\" alt=\"\" width=\"212\" height=\"300\" \/>\nCENTO LAGHI REGIONAL PARK Report<\/a><\/p>\t\t\t\t\t\t\t\t<\/div>\n\t\t\t\t<\/div>\n\t\t\t\t\t<\/div>\n\t\t<\/div>\n\t\t\t\t<div class=\"elementor-column elementor-col-33 elementor-top-column elementor-element elementor-element-b2bfbd4\" data-id=\"b2bfbd4\" data-element_type=\"column\" data-e-type=\"column\">\n\t\t\t<div class=\"elementor-widget-wrap elementor-element-populated\">\n\t\t\t\t\t\t<div class=\"elementor-element elementor-element-a1f2258 elementor-widget elementor-widget-text-editor\" data-id=\"a1f2258\" data-element_type=\"widget\" data-e-type=\"widget\" data-widget_type=\"text-editor.default\">\n\t\t\t\t<div class=\"elementor-widget-container\">\n\t\t\t\t\t\t\t\t\t<p style=\"text-align: center;\"><a href=\"https:\/\/getup.erasmus.site\/wp-content\/uploads\/2023\/06\/Little-Carpathians.pdf\" target=\"_blank\" rel=\"noopener noreferrer\">\n<img decoding=\"async\" class=\"size-medium wp-image-117 aligncenter\" src=\"https:\/\/getup.erasmus.site\/wp-content\/uploads\/2023\/06\/Little-Carpathians-page-001.jpg\" alt=\"\" width=\"212\" height=\"300\" \/>\nTHE LITTLE CARPATHIANS 2023<\/a><\/p>\t\t\t\t\t\t\t\t<\/div>\n\t\t\t\t<\/div>\n\t\t\t\t\t<\/div>\n\t\t<\/div>\n\t\t\t\t<div class=\"elementor-column elementor-col-33 elementor-top-column elementor-element elementor-element-fd7bfdb\" data-id=\"fd7bfdb\" data-element_type=\"column\" data-e-type=\"column\">\n\t\t\t<div class=\"elementor-widget-wrap elementor-element-populated\">\n\t\t\t\t\t\t<div class=\"elementor-element elementor-element-7875088 elementor-widget elementor-widget-text-editor\" data-id=\"7875088\" data-element_type=\"widget\" data-e-type=\"widget\" data-widget_type=\"text-editor.default\">\n\t\t\t\t<div class=\"elementor-widget-container\">\n\t\t\t\t\t\t\t\t\t<p style=\"text-align: center;\"><a href=\"https:\/\/getup.erasmus.site\/wp-content\/uploads\/2023\/06\/Serra-dEspada.pdf\" target=\"_blank\" rel=\"noopener noreferrer\">\n<img decoding=\"async\" class=\"size-medium wp-image-117 aligncenter\" src=\"https:\/\/getup.erasmus.site\/wp-content\/uploads\/2023\/06\/Serra-d-Espada-page-001.jpg\" alt=\"\" width=\"212\" height=\"300\" \/>\nSIERRA DE ESPAD\u00c1N 2021<\/a><\/p>\t\t\t\t\t\t\t\t<\/div>\n\t\t\t\t<\/div>\n\t\t\t\t\t<\/div>\n\t\t<\/div>\n\t\t\t\t\t<\/div>\n\t\t<\/section>\n\t\t\t\t<section class=\"elementor-section elementor-top-section elementor-element elementor-element-2c742b5 elementor-section-content-middle elementor-section-boxed elementor-section-height-default elementor-section-height-default\" data-id=\"2c742b5\" data-element_type=\"section\" data-e-type=\"section\">\n\t\t\t\t\t\t<div class=\"elementor-container elementor-column-gap-default\">\n\t\t\t\t\t<div class=\"elementor-column elementor-col-33 elementor-top-column elementor-element elementor-element-0dc285c\" data-id=\"0dc285c\" data-element_type=\"column\" data-e-type=\"column\">\n\t\t\t<div class=\"elementor-widget-wrap elementor-element-populated\">\n\t\t\t\t\t\t<div class=\"elementor-element elementor-element-3e8fafd elementor-widget elementor-widget-button\" data-id=\"3e8fafd\" data-element_type=\"widget\" data-e-type=\"widget\" data-widget_type=\"button.default\">\n\t\t\t\t<div class=\"elementor-widget-container\">\n\t\t\t\t\t\t\t\t\t<div class=\"elementor-button-wrapper\">\n\t\t\t\t\t<a class=\"elementor-button elementor-button-link elementor-size-sm\" href=\"https:\/\/getup.erasmus.site\/wp-content\/uploads\/2023\/06\/Cento-Laghi-Park_Get-Up-Interviews-Transcription-ENG.pdf\" target=\"_blank\">\n\t\t\t\t\t\t<span class=\"elementor-button-content-wrapper\">\n\t\t\t\t\t\t\t\t\t<span class=\"elementor-button-text\">CENTO LAGHI REGIONAL PARK Video Interview transcription<\/span>\n\t\t\t\t\t<\/span>\n\t\t\t\t\t<\/a>\n\t\t\t\t<\/div>\n\t\t\t\t\t\t\t\t<\/div>\n\t\t\t\t<\/div>\n\t\t\t\t\t<\/div>\n\t\t<\/div>\n\t\t\t\t<div class=\"elementor-column elementor-col-33 elementor-top-column elementor-element elementor-element-e1264bc\" data-id=\"e1264bc\" data-element_type=\"column\" data-e-type=\"column\">\n\t\t\t<div class=\"elementor-widget-wrap elementor-element-populated\">\n\t\t\t\t\t\t<div class=\"elementor-element elementor-element-9f8112a elementor-widget elementor-widget-button\" data-id=\"9f8112a\" data-element_type=\"widget\" data-e-type=\"widget\" data-widget_type=\"button.default\">\n\t\t\t\t<div class=\"elementor-widget-container\">\n\t\t\t\t\t\t\t\t\t<div class=\"elementor-button-wrapper\">\n\t\t\t\t\t<a class=\"elementor-button elementor-button-link elementor-size-sm\" href=\"https:\/\/getup.erasmus.site\/wp-content\/uploads\/2023\/06\/the-Little-Carpathians_Interview-with-the-park-manager_video-link_full-dialogue.pdf\" target=\"_blank\">\n\t\t\t\t\t\t<span class=\"elementor-button-content-wrapper\">\n\t\t\t\t\t\t\t\t\t<span class=\"elementor-button-text\">THE LITTLE CARPATHIANS \u2013 VIDEO INTERVIEW TRANSCRIPTION<\/span>\n\t\t\t\t\t<\/span>\n\t\t\t\t\t<\/a>\n\t\t\t\t<\/div>\n\t\t\t\t\t\t\t\t<\/div>\n\t\t\t\t<\/div>\n\t\t\t\t\t<\/div>\n\t\t<\/div>\n\t\t\t\t<div class=\"elementor-column elementor-col-33 elementor-top-column elementor-element elementor-element-e4cd78f\" data-id=\"e4cd78f\" data-element_type=\"column\" data-e-type=\"column\">\n\t\t\t<div class=\"elementor-widget-wrap elementor-element-populated\">\n\t\t\t\t\t\t<div class=\"elementor-element elementor-element-5bbf735 elementor-widget elementor-widget-button\" data-id=\"5bbf735\" data-element_type=\"widget\" data-e-type=\"widget\" data-widget_type=\"button.default\">\n\t\t\t\t<div class=\"elementor-widget-container\">\n\t\t\t\t\t\t\t\t\t<div class=\"elementor-button-wrapper\">\n\t\t\t\t\t<a class=\"elementor-button elementor-button-link elementor-size-sm\" href=\"https:\/\/getup.erasmus.site\/wp-content\/uploads\/2023\/06\/Interview_SIERRA-DE-ESPADAN.pdf\" target=\"_blank\">\n\t\t\t\t\t\t<span class=\"elementor-button-content-wrapper\">\n\t\t\t\t\t\t\t\t\t<span class=\"elementor-button-text\">INTERVIEW TO THE MANAGEMENT OFFICE OF THE REGIONAL PARK OF \u00abLA SIERRA DE ESPAD\u00c1N\u00bb<\/span>\n\t\t\t\t\t<\/span>\n\t\t\t\t\t<\/a>\n\t\t\t\t<\/div>\n\t\t\t\t\t\t\t\t<\/div>\n\t\t\t\t<\/div>\n\t\t\t\t\t<\/div>\n\t\t<\/div>\n\t\t\t\t\t<\/div>\n\t\t<\/section>\n\t\t\t\t<section class=\"elementor-section elementor-top-section elementor-element elementor-element-3ebaf2f elementor-section-boxed elementor-section-height-default elementor-section-height-default\" data-id=\"3ebaf2f\" data-element_type=\"section\" data-e-type=\"section\">\n\t\t\t\t\t\t<div class=\"elementor-container elementor-column-gap-default\">\n\t\t\t\t\t<div class=\"elementor-column elementor-col-50 elementor-top-column elementor-element elementor-element-f2ed32c\" data-id=\"f2ed32c\" data-element_type=\"column\" data-e-type=\"column\">\n\t\t\t<div class=\"elementor-widget-wrap elementor-element-populated\">\n\t\t\t\t\t\t<div class=\"elementor-element elementor-element-f0f1c09 elementor-widget elementor-widget-video\" data-id=\"f0f1c09\" data-element_type=\"widget\" data-e-type=\"widget\" data-settings=\"{&quot;video_type&quot;:&quot;hosted&quot;,&quot;controls&quot;:&quot;yes&quot;}\" data-widget_type=\"video.default\">\n\t\t\t\t<div class=\"elementor-widget-container\">\n\t\t\t\t\t\t\t<div class=\"e-hosted-video elementor-wrapper elementor-open-inline\">\n\t\t\t\t\t<video class=\"elementor-video\" src=\"https:\/\/getup.erasmus.site\/wp-content\/uploads\/Get%20Up-Eng.mp4\" controls=\"\" preload=\"metadata\" controlsList=\"nodownload\"><\/video>\n\t\t\t\t<\/div>\n\t\t\t\t\t\t<\/div>\n\t\t\t\t<\/div>\n\t\t\t\t\t<\/div>\n\t\t<\/div>\n\t\t\t\t<div class=\"elementor-column elementor-col-50 elementor-top-column elementor-element elementor-element-2216db6\" data-id=\"2216db6\" data-element_type=\"column\" data-e-type=\"column\">\n\t\t\t<div class=\"elementor-widget-wrap elementor-element-populated\">\n\t\t\t\t\t\t<div class=\"elementor-element elementor-element-5e7ac05 elementor-widget elementor-widget-video\" data-id=\"5e7ac05\" data-element_type=\"widget\" data-e-type=\"widget\" data-settings=\"{&quot;video_type&quot;:&quot;hosted&quot;,&quot;controls&quot;:&quot;yes&quot;}\" data-widget_type=\"video.default\">\n\t\t\t\t<div class=\"elementor-widget-container\">\n\t\t\t\t\t\t\t<div class=\"e-hosted-video elementor-wrapper elementor-open-inline\">\n\t\t\t\t\t<video class=\"elementor-video\" src=\"https:\/\/getup.erasmus.site\/wp-content\/uploads\/Chko%20Interview%20-%20Hd%201080P.mp4\" controls=\"\" preload=\"metadata\" controlsList=\"nodownload\"><\/video>\n\t\t\t\t<\/div>\n\t\t\t\t\t\t<\/div>\n\t\t\t\t<\/div>\n\t\t\t\t\t<\/div>\n\t\t<\/div>\n\t\t\t\t\t<\/div>\n\t\t<\/section>\n\t\t\t\t<\/div>\n\t\t","protected":false},"excerpt":{"rendered":"<p>Afur\u00f0 4 (IO4): Stafr\u00e6nt n\u00e1msefni um n\u00e1tt\u00faruverndarsv\u00e6\u00f0i og umhverfi\u00f0 L\u00ddSING \u00e1 afur\u00f0 Fr\u00e6\u00f0sluleikurinn mun l\u00edkja eftir \u00e1skorunum sem stj\u00f3rnendur \u00fej\u00f3\u00f0gar\u00f0a og n\u00e1tt\u00faruverndarsv\u00e6\u00f0a eins og EPEO og sv\u00e6\u00f0isgar\u00f0a Sierra de Espad\u00e0 ver\u00f0a a\u00f0 takast \u00e1 vi\u00f0 \u00ed daglegu starfi s\u00ednu. \u00dear sem n\u00e1tt\u00faruverndarsv\u00e6\u00f0i eru starfr\u00e6kt me\u00f0 \u00fea\u00f0 a\u00f0 markmi\u00f0i a\u00f0 hl\u00faa a\u00f0 sj\u00e1lfb\u00e6rni, eru meginmarkmi\u00f0 starfsf\u00f3lks&hellip;&nbsp;<a href=\"https:\/\/getup.erasmus.site\/is\/intellectual-outputs\/\" rel=\"bookmark\">Read More &raquo;<span class=\"screen-reader-text\">Afur\u00f0 (IO)<\/span><\/a><\/p>\n","protected":false},"author":1,"featured_media":0,"parent":0,"menu_order":0,"comment_status":"closed","ping_status":"closed","template":"","meta":{"neve_meta_sidebar":"","neve_meta_container":"","neve_meta_enable_content_width":"off","neve_meta_content_width":100,"neve_meta_title_alignment":"","neve_meta_author_avatar":"","neve_post_elements_order":"","neve_meta_disable_header":"","neve_meta_disable_footer":"","neve_meta_disable_title":"","footnotes":""},"class_list":["post-309","page","type-page","status-publish","hentry"],"_links":{"self":[{"href":"https:\/\/getup.erasmus.site\/is\/wp-json\/wp\/v2\/pages\/309","targetHints":{"allow":["GET"]}}],"collection":[{"href":"https:\/\/getup.erasmus.site\/is\/wp-json\/wp\/v2\/pages"}],"about":[{"href":"https:\/\/getup.erasmus.site\/is\/wp-json\/wp\/v2\/types\/page"}],"author":[{"embeddable":true,"href":"https:\/\/getup.erasmus.site\/is\/wp-json\/wp\/v2\/users\/1"}],"replies":[{"embeddable":true,"href":"https:\/\/getup.erasmus.site\/is\/wp-json\/wp\/v2\/comments?post=309"}],"version-history":[{"count":52,"href":"https:\/\/getup.erasmus.site\/is\/wp-json\/wp\/v2\/pages\/309\/revisions"}],"predecessor-version":[{"id":788,"href":"https:\/\/getup.erasmus.site\/is\/wp-json\/wp\/v2\/pages\/309\/revisions\/788"}],"wp:attachment":[{"href":"https:\/\/getup.erasmus.site\/is\/wp-json\/wp\/v2\/media?parent=309"}],"curies":[{"name":"wp","href":"https:\/\/api.w.org\/{rel}","templated":true}]}}