{"id":309,"date":"2021-12-22T11:48:41","date_gmt":"2021-12-22T11:48:41","guid":{"rendered":"https:\/\/getup.erasmus.site\/?page_id=309"},"modified":"2023-06-20T06:55:32","modified_gmt":"2023-06-20T06:55:32","slug":"intellectual-outputs","status":"publish","type":"page","link":"https:\/\/getup.erasmus.site\/it\/intellectual-outputs\/","title":{"rendered":"Intellectual outputs"},"content":{"rendered":"\t\t<div data-elementor-type=\"wp-page\" data-elementor-id=\"309\" class=\"elementor elementor-309\">\n\t\t\t\t\t\t<section class=\"elementor-section elementor-top-section elementor-element elementor-element-72c73495 elementor-section-boxed elementor-section-height-default elementor-section-height-default\" data-id=\"72c73495\" data-element_type=\"section\" data-e-type=\"section\">\n\t\t\t\t\t\t<div class=\"elementor-container elementor-column-gap-default\">\n\t\t\t\t\t<div class=\"elementor-column elementor-col-100 elementor-top-column elementor-element elementor-element-62e9addf\" data-id=\"62e9addf\" data-element_type=\"column\" data-e-type=\"column\">\n\t\t\t<div class=\"elementor-widget-wrap elementor-element-populated\">\n\t\t\t\t\t\t<div class=\"elementor-element elementor-element-68399396 elementor-widget elementor-widget-text-editor\" data-id=\"68399396\" data-element_type=\"widget\" data-e-type=\"widget\" data-widget_type=\"text-editor.default\">\n\t\t\t\t<div class=\"elementor-widget-container\">\n\t\t\t\t\t\t\t\t\t\n<h4><strong>INTELLECTUAL OUTPUT 4: STRUMENTO EDUCATIVO DIGITALE SU PARCHI E AMBIENTE<\/strong><\/h4>\nDESCRIZIONE DELL&#8217;OUTPUT\n\nIl gioco educativo simuler\u00e0 le sfide che l\u2019amministrazione di un parco, come EPEO e il Parco Regionale Sierra de Espad\u00e0, deve affrontare quatidianamente. Essendo un&#8217;istituzione finalizzata all&#8217;implementazione della sostenibilit\u00e0, un Parco Naturale deve perseguire la missione di protezione della natura, ma anche obiettivi di sviluppo e benessere delle comunit\u00e0 locali. Questo significa avere a che fare con obiettivi complessi e divergenti che si sposano perfettamente con la logica del gioco, dove il giocatore \u00e8 chiamato a gestire l\u2019uso delle risorse al fine di ottenere un risultato migliore.\n\nIO4 \u00e8 un gioco digitale rappresentato dalla ricostruzione di una mappa di almeno cinque parchi naturali, compresi\u00a0 i confini e i diversi habitat: il Parco dei Cento Laghi e amministratio da EPEO e situatio nella Regione Biogeografica Europea Continentale (vedi Rete Natura 2000 dell&#8217;UE); il Parco Regionale Sierra de Espad\u00e0, nella Regione Biogeografica Europea Mediterranea; il Parco Nazionale Sn\u00e6fellsj\u00f6kull, nella Regione Biogeografica Europea Artica; e, infine, il Paesaggio Protetto Little Carpathians, nella Regione Biogeografica Europea Alpina.\n\nCi\u00f2 significa che il gioco riguarder\u00e0 tre diversi tipi di aree protette (Parco regionale, Parco nazionale e Paesaggio protetto) e quattro tipi di ambienti geografici europei (artico, alpino, continentale e mediterraneo).\n\nOBIETTIVI\n\nSviluppare uno strumento digitale che aiuti l&#8217;apprendimento degli studenti in termini di educazione ambientale e che, allo stesso tempo, li intrattenga. Inoltre, contribuisce direttamente a: l\u2019Obiettivo 1 (gamification innovativa e digitale come strumento educativo per le scuole superiori sui parchi e l&#8217;ambiente), in quanto il risultato \u00e8 esattamente questo; l\u2019Obiettivo 2 (promozione della protezione della biodiversit\u00e0 e dei parchi naturali come valore sociale ed educativo del patrimonio culturale europeo), in quanto gli studenti saranno in grado di conoscere i parchi reali e di avere una maggiore comprensione della loro importanza e del loro ruolo nella societ\u00e0; e l&#8217;Obiettivo 3 (rafforzamento del profilo delle professioni didattiche con nuove competenze e conoscenze in materia di strumenti digitali e gamification), poich\u00e9 gli insegnanti avranno a disposizione uno strumento che potranno facilmente applicare nelle loro classi.\n\n<\/div>\t\t\t\t\t\t\t\t<\/div>\n\t\t\t\t<\/div>\n\t\t\t\t\t<\/div>\n\t\t<\/div>\n\t\t\t\t\t<\/div>\n\t\t<\/section>\n\t\t\t\t<section class=\"elementor-section elementor-top-section elementor-element elementor-element-c2b3cef elementor-section-boxed elementor-section-height-default elementor-section-height-default\" data-id=\"c2b3cef\" data-element_type=\"section\" data-e-type=\"section\">\n\t\t\t\t\t\t<div class=\"elementor-container elementor-column-gap-default\">\n\t\t\t\t\t<div class=\"elementor-column elementor-col-100 elementor-top-column elementor-element elementor-element-10aeb96\" data-id=\"10aeb96\" data-element_type=\"column\" data-e-type=\"column\">\n\t\t\t<div class=\"elementor-widget-wrap elementor-element-populated\">\n\t\t\t\t\t\t<div class=\"elementor-element elementor-element-d912bfd elementor-widget elementor-widget-heading\" data-id=\"d912bfd\" data-element_type=\"widget\" data-e-type=\"widget\" data-widget_type=\"heading.default\">\n\t\t\t\t<div class=\"elementor-widget-container\">\n\t\t\t\t\t<h2 class=\"elementor-heading-title elementor-size-default\">PARK REPORT<\/h2>\t\t\t\t<\/div>\n\t\t\t\t<\/div>\n\t\t\t\t\t<\/div>\n\t\t<\/div>\n\t\t\t\t\t<\/div>\n\t\t<\/section>\n\t\t\t\t<section class=\"elementor-section elementor-top-section elementor-element elementor-element-69e8963 elementor-section-boxed elementor-section-height-default elementor-section-height-default\" data-id=\"69e8963\" data-element_type=\"section\" data-e-type=\"section\">\n\t\t\t\t\t\t<div class=\"elementor-container elementor-column-gap-default\">\n\t\t\t\t\t<div class=\"elementor-column elementor-col-33 elementor-top-column elementor-element elementor-element-74e1ef7\" data-id=\"74e1ef7\" data-element_type=\"column\" data-e-type=\"column\">\n\t\t\t<div class=\"elementor-widget-wrap elementor-element-populated\">\n\t\t\t\t\t\t<div class=\"elementor-element elementor-element-b957547 elementor-widget elementor-widget-text-editor\" data-id=\"b957547\" data-element_type=\"widget\" data-e-type=\"widget\" data-widget_type=\"text-editor.default\">\n\t\t\t\t<div class=\"elementor-widget-container\">\n\t\t\t\t\t\t\t\t\t<p style=\"text-align: center;\"><a href=\"https:\/\/getup.erasmus.site\/wp-content\/uploads\/2023\/06\/Cento-Laghi-Park-Report-for-website.pdf\" target=\"_blank\" rel=\"noopener noreferrer\">\n<img fetchpriority=\"high\" decoding=\"async\" class=\"size-medium wp-image-117 aligncenter\" src=\"https:\/\/getup.erasmus.site\/wp-content\/uploads\/2023\/06\/Cento-Laghi-Park-Report-for-website-page-001.jpg\" alt=\"\" width=\"212\" height=\"300\" \/>\nCENTO LAGHI REGIONAL PARK Report<\/a><\/p>\t\t\t\t\t\t\t\t<\/div>\n\t\t\t\t<\/div>\n\t\t\t\t\t<\/div>\n\t\t<\/div>\n\t\t\t\t<div class=\"elementor-column elementor-col-33 elementor-top-column elementor-element elementor-element-b2bfbd4\" data-id=\"b2bfbd4\" data-element_type=\"column\" data-e-type=\"column\">\n\t\t\t<div class=\"elementor-widget-wrap elementor-element-populated\">\n\t\t\t\t\t\t<div class=\"elementor-element elementor-element-a1f2258 elementor-widget elementor-widget-text-editor\" data-id=\"a1f2258\" data-element_type=\"widget\" data-e-type=\"widget\" data-widget_type=\"text-editor.default\">\n\t\t\t\t<div class=\"elementor-widget-container\">\n\t\t\t\t\t\t\t\t\t<p style=\"text-align: center;\"><a href=\"https:\/\/getup.erasmus.site\/wp-content\/uploads\/2023\/06\/Little-Carpathians.pdf\" target=\"_blank\" rel=\"noopener noreferrer\">\n<img decoding=\"async\" class=\"size-medium wp-image-117 aligncenter\" src=\"https:\/\/getup.erasmus.site\/wp-content\/uploads\/2023\/06\/Little-Carpathians-page-001.jpg\" alt=\"\" width=\"212\" height=\"300\" \/>\nTHE LITTLE CARPATHIANS 2023<\/a><\/p>\t\t\t\t\t\t\t\t<\/div>\n\t\t\t\t<\/div>\n\t\t\t\t\t<\/div>\n\t\t<\/div>\n\t\t\t\t<div class=\"elementor-column elementor-col-33 elementor-top-column elementor-element elementor-element-fd7bfdb\" data-id=\"fd7bfdb\" data-element_type=\"column\" data-e-type=\"column\">\n\t\t\t<div class=\"elementor-widget-wrap elementor-element-populated\">\n\t\t\t\t\t\t<div class=\"elementor-element elementor-element-7875088 elementor-widget elementor-widget-text-editor\" data-id=\"7875088\" data-element_type=\"widget\" data-e-type=\"widget\" data-widget_type=\"text-editor.default\">\n\t\t\t\t<div class=\"elementor-widget-container\">\n\t\t\t\t\t\t\t\t\t<p style=\"text-align: center;\"><a href=\"https:\/\/getup.erasmus.site\/wp-content\/uploads\/2023\/06\/Serra-dEspada.pdf\" target=\"_blank\" rel=\"noopener noreferrer\">\n<img decoding=\"async\" class=\"size-medium wp-image-117 aligncenter\" src=\"https:\/\/getup.erasmus.site\/wp-content\/uploads\/2023\/06\/Serra-d-Espada-page-001.jpg\" alt=\"\" width=\"212\" height=\"300\" \/>\nSIERRA DE ESPAD\u00c1N 2021<\/a><\/p>\t\t\t\t\t\t\t\t<\/div>\n\t\t\t\t<\/div>\n\t\t\t\t\t<\/div>\n\t\t<\/div>\n\t\t\t\t\t<\/div>\n\t\t<\/section>\n\t\t\t\t<section class=\"elementor-section elementor-top-section elementor-element elementor-element-2c742b5 elementor-section-content-middle elementor-section-boxed elementor-section-height-default elementor-section-height-default\" data-id=\"2c742b5\" data-element_type=\"section\" data-e-type=\"section\">\n\t\t\t\t\t\t<div class=\"elementor-container elementor-column-gap-default\">\n\t\t\t\t\t<div class=\"elementor-column elementor-col-33 elementor-top-column elementor-element elementor-element-0dc285c\" data-id=\"0dc285c\" data-element_type=\"column\" data-e-type=\"column\">\n\t\t\t<div class=\"elementor-widget-wrap elementor-element-populated\">\n\t\t\t\t\t\t<div class=\"elementor-element elementor-element-3e8fafd elementor-widget elementor-widget-button\" data-id=\"3e8fafd\" data-element_type=\"widget\" data-e-type=\"widget\" data-widget_type=\"button.default\">\n\t\t\t\t<div class=\"elementor-widget-container\">\n\t\t\t\t\t\t\t\t\t<div class=\"elementor-button-wrapper\">\n\t\t\t\t\t<a class=\"elementor-button elementor-button-link elementor-size-sm\" href=\"https:\/\/getup.erasmus.site\/wp-content\/uploads\/2023\/06\/Cento-Laghi-Park_Get-Up-Interviews-Transcription-ENG.pdf\" target=\"_blank\">\n\t\t\t\t\t\t<span class=\"elementor-button-content-wrapper\">\n\t\t\t\t\t\t\t\t\t<span class=\"elementor-button-text\">CENTO LAGHI REGIONAL PARK Video Interview transcription<\/span>\n\t\t\t\t\t<\/span>\n\t\t\t\t\t<\/a>\n\t\t\t\t<\/div>\n\t\t\t\t\t\t\t\t<\/div>\n\t\t\t\t<\/div>\n\t\t\t\t\t<\/div>\n\t\t<\/div>\n\t\t\t\t<div class=\"elementor-column elementor-col-33 elementor-top-column elementor-element elementor-element-e1264bc\" data-id=\"e1264bc\" data-element_type=\"column\" data-e-type=\"column\">\n\t\t\t<div class=\"elementor-widget-wrap elementor-element-populated\">\n\t\t\t\t\t\t<div class=\"elementor-element elementor-element-9f8112a elementor-widget elementor-widget-button\" data-id=\"9f8112a\" data-element_type=\"widget\" data-e-type=\"widget\" data-widget_type=\"button.default\">\n\t\t\t\t<div class=\"elementor-widget-container\">\n\t\t\t\t\t\t\t\t\t<div class=\"elementor-button-wrapper\">\n\t\t\t\t\t<a class=\"elementor-button elementor-button-link elementor-size-sm\" href=\"https:\/\/getup.erasmus.site\/wp-content\/uploads\/2023\/06\/the-Little-Carpathians_Interview-with-the-park-manager_video-link_full-dialogue.pdf\" target=\"_blank\">\n\t\t\t\t\t\t<span class=\"elementor-button-content-wrapper\">\n\t\t\t\t\t\t\t\t\t<span class=\"elementor-button-text\">THE LITTLE CARPATHIANS \u2013 VIDEO INTERVIEW TRANSCRIPTION<\/span>\n\t\t\t\t\t<\/span>\n\t\t\t\t\t<\/a>\n\t\t\t\t<\/div>\n\t\t\t\t\t\t\t\t<\/div>\n\t\t\t\t<\/div>\n\t\t\t\t\t<\/div>\n\t\t<\/div>\n\t\t\t\t<div class=\"elementor-column elementor-col-33 elementor-top-column elementor-element elementor-element-e4cd78f\" data-id=\"e4cd78f\" data-element_type=\"column\" data-e-type=\"column\">\n\t\t\t<div class=\"elementor-widget-wrap elementor-element-populated\">\n\t\t\t\t\t\t<div class=\"elementor-element elementor-element-5bbf735 elementor-widget elementor-widget-button\" data-id=\"5bbf735\" data-element_type=\"widget\" data-e-type=\"widget\" data-widget_type=\"button.default\">\n\t\t\t\t<div class=\"elementor-widget-container\">\n\t\t\t\t\t\t\t\t\t<div class=\"elementor-button-wrapper\">\n\t\t\t\t\t<a class=\"elementor-button elementor-button-link elementor-size-sm\" href=\"https:\/\/getup.erasmus.site\/wp-content\/uploads\/2023\/06\/Interview_SIERRA-DE-ESPADAN.pdf\" target=\"_blank\">\n\t\t\t\t\t\t<span class=\"elementor-button-content-wrapper\">\n\t\t\t\t\t\t\t\t\t<span class=\"elementor-button-text\">INTERVIEW TO THE MANAGEMENT OFFICE OF THE REGIONAL PARK OF \u00abLA SIERRA DE ESPAD\u00c1N\u00bb<\/span>\n\t\t\t\t\t<\/span>\n\t\t\t\t\t<\/a>\n\t\t\t\t<\/div>\n\t\t\t\t\t\t\t\t<\/div>\n\t\t\t\t<\/div>\n\t\t\t\t\t<\/div>\n\t\t<\/div>\n\t\t\t\t\t<\/div>\n\t\t<\/section>\n\t\t\t\t<section class=\"elementor-section elementor-top-section elementor-element elementor-element-3ebaf2f elementor-section-boxed elementor-section-height-default elementor-section-height-default\" data-id=\"3ebaf2f\" data-element_type=\"section\" data-e-type=\"section\">\n\t\t\t\t\t\t<div class=\"elementor-container elementor-column-gap-default\">\n\t\t\t\t\t<div class=\"elementor-column elementor-col-50 elementor-top-column elementor-element elementor-element-f2ed32c\" data-id=\"f2ed32c\" data-element_type=\"column\" data-e-type=\"column\">\n\t\t\t<div class=\"elementor-widget-wrap elementor-element-populated\">\n\t\t\t\t\t\t<div class=\"elementor-element elementor-element-f0f1c09 elementor-widget elementor-widget-video\" data-id=\"f0f1c09\" data-element_type=\"widget\" data-e-type=\"widget\" data-settings=\"{&quot;video_type&quot;:&quot;hosted&quot;,&quot;controls&quot;:&quot;yes&quot;}\" data-widget_type=\"video.default\">\n\t\t\t\t<div class=\"elementor-widget-container\">\n\t\t\t\t\t\t\t<div class=\"e-hosted-video elementor-wrapper elementor-open-inline\">\n\t\t\t\t\t<video class=\"elementor-video\" src=\"https:\/\/getup.erasmus.site\/wp-content\/uploads\/Get%20Up-Eng.mp4\" controls=\"\" preload=\"metadata\" controlsList=\"nodownload\"><\/video>\n\t\t\t\t<\/div>\n\t\t\t\t\t\t<\/div>\n\t\t\t\t<\/div>\n\t\t\t\t\t<\/div>\n\t\t<\/div>\n\t\t\t\t<div class=\"elementor-column elementor-col-50 elementor-top-column elementor-element elementor-element-2216db6\" data-id=\"2216db6\" data-element_type=\"column\" data-e-type=\"column\">\n\t\t\t<div class=\"elementor-widget-wrap elementor-element-populated\">\n\t\t\t\t\t\t<div class=\"elementor-element elementor-element-5e7ac05 elementor-widget elementor-widget-video\" data-id=\"5e7ac05\" data-element_type=\"widget\" data-e-type=\"widget\" data-settings=\"{&quot;video_type&quot;:&quot;hosted&quot;,&quot;controls&quot;:&quot;yes&quot;}\" data-widget_type=\"video.default\">\n\t\t\t\t<div class=\"elementor-widget-container\">\n\t\t\t\t\t\t\t<div class=\"e-hosted-video elementor-wrapper elementor-open-inline\">\n\t\t\t\t\t<video class=\"elementor-video\" src=\"https:\/\/getup.erasmus.site\/wp-content\/uploads\/Chko%20Interview%20-%20Hd%201080P.mp4\" controls=\"\" preload=\"metadata\" controlsList=\"nodownload\"><\/video>\n\t\t\t\t<\/div>\n\t\t\t\t\t\t<\/div>\n\t\t\t\t<\/div>\n\t\t\t\t\t<\/div>\n\t\t<\/div>\n\t\t\t\t\t<\/div>\n\t\t<\/section>\n\t\t\t\t<\/div>\n\t\t","protected":false},"excerpt":{"rendered":"<p>INTELLECTUAL OUTPUT 4: STRUMENTO EDUCATIVO DIGITALE SU PARCHI E AMBIENTE DESCRIZIONE DELL&#8217;OUTPUT Il gioco educativo simuler\u00e0 le sfide che l\u2019amministrazione di un parco, come EPEO e il Parco Regionale Sierra de Espad\u00e0, deve affrontare quatidianamente. Essendo un&#8217;istituzione finalizzata all&#8217;implementazione della sostenibilit\u00e0, un Parco Naturale deve perseguire la missione di protezione della natura, ma anche obiettivi&hellip;&nbsp;<a href=\"https:\/\/getup.erasmus.site\/it\/intellectual-outputs\/\" rel=\"bookmark\">Leggi tutto &raquo;<span class=\"screen-reader-text\">Intellectual outputs<\/span><\/a><\/p>\n","protected":false},"author":1,"featured_media":0,"parent":0,"menu_order":0,"comment_status":"closed","ping_status":"closed","template":"","meta":{"neve_meta_sidebar":"","neve_meta_container":"","neve_meta_enable_content_width":"off","neve_meta_content_width":100,"neve_meta_title_alignment":"","neve_meta_author_avatar":"","neve_post_elements_order":"","neve_meta_disable_header":"","neve_meta_disable_footer":"","neve_meta_disable_title":"","footnotes":""},"class_list":["post-309","page","type-page","status-publish","hentry"],"_links":{"self":[{"href":"https:\/\/getup.erasmus.site\/it\/wp-json\/wp\/v2\/pages\/309","targetHints":{"allow":["GET"]}}],"collection":[{"href":"https:\/\/getup.erasmus.site\/it\/wp-json\/wp\/v2\/pages"}],"about":[{"href":"https:\/\/getup.erasmus.site\/it\/wp-json\/wp\/v2\/types\/page"}],"author":[{"embeddable":true,"href":"https:\/\/getup.erasmus.site\/it\/wp-json\/wp\/v2\/users\/1"}],"replies":[{"embeddable":true,"href":"https:\/\/getup.erasmus.site\/it\/wp-json\/wp\/v2\/comments?post=309"}],"version-history":[{"count":52,"href":"https:\/\/getup.erasmus.site\/it\/wp-json\/wp\/v2\/pages\/309\/revisions"}],"predecessor-version":[{"id":788,"href":"https:\/\/getup.erasmus.site\/it\/wp-json\/wp\/v2\/pages\/309\/revisions\/788"}],"wp:attachment":[{"href":"https:\/\/getup.erasmus.site\/it\/wp-json\/wp\/v2\/media?parent=309"}],"curies":[{"name":"wp","href":"https:\/\/api.w.org\/{rel}","templated":true}]}}