{"id":318,"date":"2021-12-22T15:28:32","date_gmt":"2021-12-22T15:28:32","guid":{"rendered":"https:\/\/getup.erasmus.site\/?page_id=318"},"modified":"2022-12-30T13:30:49","modified_gmt":"2022-12-30T13:30:49","slug":"the-project","status":"publish","type":"page","link":"https:\/\/getup.erasmus.site\/it\/the-project\/","title":{"rendered":"Il progetto"},"content":{"rendered":"<section class=\"elementor-section elementor-inner-section elementor-element elementor-element-4a1eb8c elementor-section-boxed elementor-section-height-default elementor-section-height-default\" data-id=\"4a1eb8c\" data-element_type=\"section\">\n<div class=\"elementor-container elementor-column-gap-narrow\">\n<div class=\"elementor-column elementor-col-100 elementor-inner-column elementor-element elementor-element-2f264e4\" data-id=\"2f264e4\" data-element_type=\"column\" data-settings=\"{&quot;background_background&quot;:&quot;classic&quot;}\">\n<div class=\"elementor-widget-wrap elementor-element-populated\">\n<div class=\"elementor-element elementor-element-7f9466b elementor-widget elementor-widget-text-editor\" data-id=\"7f9466b\" data-element_type=\"widget\" data-widget_type=\"text-editor.default\">\n<div class=\"elementor-widget-container\">\n<h2 class=\"elementor-heading-title elementor-size-default\" style=\"text-align: center;\"><strong>CONTESTO<\/strong><\/h2>\n<p>L&#8217;attuale crisi da Covid-19 ha accelerato notevolmente la necessit\u00e0 di modernizzare e trasformare digitalmente i sistemi di istruzione e formazione in tutta Europa. Rafforzare la capacit\u00e0 degli istituti di istruzione e formazione di fornire un&#8217;istruzione digitale inclusiva e di alta qualit\u00e0 \u00e8 diventata un&#8217;esigenza fondamentale.<\/p>\n<p>Oltre a ci\u00f2, la protezione dell&#8217;ambiente \u00e8 una delle maggiori sfide del nostro tempo ed esiste un chiaro interesse e volont\u00e0 dei Paesi europei di impegnarsi nello sviluppo di strumenti e strategie in tutto il continente.<\/p>\n<p>Tra gli esperti, gli insegnanti e gli operatori del settore \u00e8 risaputo che le attivit\u00e0 di educazione ambientale sono ancora molto difficili da estendere alla scuola secondaria superiore. Il motivo principale \u00e8 che gli studenti pi\u00f9 grandi necessitano di uno stile di comunicazione diverso, pi\u00f9 adatto ai loro interessi personali e basato su un uso maggiore dei nuovi media e dei social network.<\/p>\n<p>Il Parco Naturale \u00e8 un&#8217;area in cui si svolgono attivit\u00e0 economiche rilevanti, come l&#8217;agricoltura, il turismo, l&#8217;industria del legno e la pesca;\u00a0 in luoghi di grande sensibilit\u00e0 ambientale, la cui gestione richiede la ricerca di un continuo bilanciamento tra le attivit\u00e0 umane e la conservazione della biodiversit\u00e0: un&#8217;applicazione quotidiana del concetto di sostenibilit\u00e0.<\/p>\n<h2 class=\"elementor-heading-title elementor-size-default\" style=\"text-align: center;\"><strong>OBIETTIVI<\/strong><\/h2>\n<div class=\"elementor-element elementor-element-b189faf elementor-widget elementor-widget-text-editor\" data-id=\"b189faf\" data-element_type=\"widget\" data-widget_type=\"text-editor.default\">\n<div class=\"elementor-widget-container\">\n<p>L&#8217;obiettivo del progetto sar\u00e0 collegato alle priorit\u00e0 del programma Erasmus+ sulla creazione di capacit\u00e0 per: implementare l&#8217;insegnamento e l&#8217;apprendimento online, misto e a distanza; per sviluppare le competenze pedagogiche digitali degli educatori, consentendo loro di fornire un&#8217;istruzione digitale inclusiva di alta qualit\u00e0; e per sviluppare e\/o utilizzare contenuti digitali di alta qualit\u00e0. Il partenariato promuover\u00e0: la rete di istituzioni sul territorio UE; la condivisione di risorse e competenze e la collaborazione con i fornitori di tecnologie digitali, gli esperti; e le pratiche pedagogiche pertinenti, per sviluppare soluzioni su misura adattate alle sfide e alle realt\u00e0 locali.<\/p>\n<p>GET UP! accresce le competenze e la consapevolezza sulle tematiche ambientali negli studenti delle scuole secondarie superiori, prossimi a diventare cittadini a tutti gli effetti e a entrare nel mercato del lavoro, stimolando il loro interesse per il linguaggio e le modalit\u00e0 dei nuovi media.<\/p>\n<p>Infatti, GET UP! intende migliorare la conoscenza dei problemi e delle questioni legate alla conservazione della natura e, di conseguenza, alle sfide ambientali locali e globali da parte degli studenti. Inoltre, il progetto fornisce le prime nozioni e competenze in materia di problem solving, ICT e cultura digitale.<\/p>\n<p>In questo contesto, GET UP! stabilisce 3 obiettivi principali:<\/p>\n<p>OBIETTIVO 1: Gamification innovativa e digitale come strumento educativo per le scuole<\/p>\n<p>superiori su parchi e ambiente.<\/p>\n<p>OBIETTIVO 2: Promozione della tutela della biodiversit\u00e0 e dei parchi naturali come valore<\/p>\n<p>sociale ed educativo del patrimonio culturale europeo.<\/p>\n<p>OBIETTIVO 3: Rafforzamento del profilo delle professioni didattiche con nuove competenze e<\/p>\n<p>conoscenze in materia di strumenti digitali e gamification.<\/p><\/div>\n<\/div>\n<\/div>\n<\/div>\n<\/div>\n<\/div>\n<\/div>\n<\/section>\n","protected":false},"excerpt":{"rendered":"<p>CONTESTO L&#8217;attuale crisi da Covid-19 ha accelerato notevolmente la necessit\u00e0 di modernizzare e trasformare digitalmente i sistemi di istruzione e formazione in tutta Europa. Rafforzare la capacit\u00e0 degli istituti di istruzione e formazione di fornire un&#8217;istruzione digitale inclusiva e di alta qualit\u00e0 \u00e8 diventata un&#8217;esigenza fondamentale. Oltre a ci\u00f2, la protezione dell&#8217;ambiente \u00e8 una delle&hellip;&nbsp;<a href=\"https:\/\/getup.erasmus.site\/it\/the-project\/\" rel=\"bookmark\">Leggi tutto &raquo;<span class=\"screen-reader-text\">Il progetto<\/span><\/a><\/p>\n","protected":false},"author":1,"featured_media":0,"parent":0,"menu_order":0,"comment_status":"closed","ping_status":"closed","template":"","meta":{"neve_meta_sidebar":"","neve_meta_container":"","neve_meta_enable_content_width":"off","neve_meta_content_width":100,"neve_meta_title_alignment":"","neve_meta_author_avatar":"","neve_post_elements_order":"","neve_meta_disable_header":"","neve_meta_disable_footer":"","neve_meta_disable_title":"","footnotes":""},"class_list":["post-318","page","type-page","status-publish","hentry"],"_links":{"self":[{"href":"https:\/\/getup.erasmus.site\/it\/wp-json\/wp\/v2\/pages\/318","targetHints":{"allow":["GET"]}}],"collection":[{"href":"https:\/\/getup.erasmus.site\/it\/wp-json\/wp\/v2\/pages"}],"about":[{"href":"https:\/\/getup.erasmus.site\/it\/wp-json\/wp\/v2\/types\/page"}],"author":[{"embeddable":true,"href":"https:\/\/getup.erasmus.site\/it\/wp-json\/wp\/v2\/users\/1"}],"replies":[{"embeddable":true,"href":"https:\/\/getup.erasmus.site\/it\/wp-json\/wp\/v2\/comments?post=318"}],"version-history":[{"count":9,"href":"https:\/\/getup.erasmus.site\/it\/wp-json\/wp\/v2\/pages\/318\/revisions"}],"predecessor-version":[{"id":586,"href":"https:\/\/getup.erasmus.site\/it\/wp-json\/wp\/v2\/pages\/318\/revisions\/586"}],"wp:attachment":[{"href":"https:\/\/getup.erasmus.site\/it\/wp-json\/wp\/v2\/media?parent=318"}],"curies":[{"name":"wp","href":"https:\/\/api.w.org\/{rel}","templated":true}]}}