{"id":309,"date":"2021-12-22T11:48:41","date_gmt":"2021-12-22T11:48:41","guid":{"rendered":"https:\/\/getup.erasmus.site\/?page_id=309"},"modified":"2023-06-20T06:55:32","modified_gmt":"2023-06-20T06:55:32","slug":"intellectual-outputs","status":"publish","type":"page","link":"https:\/\/getup.erasmus.site\/pl\/intellectual-outputs\/","title":{"rendered":"Produkty intelektualne"},"content":{"rendered":"\t\t<div data-elementor-type=\"wp-page\" data-elementor-id=\"309\" class=\"elementor elementor-309\">\n\t\t\t\t\t\t<section class=\"elementor-section elementor-top-section elementor-element elementor-element-72c73495 elementor-section-boxed elementor-section-height-default elementor-section-height-default\" data-id=\"72c73495\" data-element_type=\"section\" data-e-type=\"section\">\n\t\t\t\t\t\t<div class=\"elementor-container elementor-column-gap-default\">\n\t\t\t\t\t<div class=\"elementor-column elementor-col-100 elementor-top-column elementor-element elementor-element-62e9addf\" data-id=\"62e9addf\" data-element_type=\"column\" data-e-type=\"column\">\n\t\t\t<div class=\"elementor-widget-wrap elementor-element-populated\">\n\t\t\t\t\t\t<div class=\"elementor-element elementor-element-68399396 elementor-widget elementor-widget-text-editor\" data-id=\"68399396\" data-element_type=\"widget\" data-e-type=\"widget\" data-widget_type=\"text-editor.default\">\n\t\t\t\t<div class=\"elementor-widget-container\">\n\t\t\t\t\t\t\t\t\t\n<h4><strong>PRODUKT INTELEKTUALNY 4: CYFROWE NARZ\u0118DZIE EDUKACYJNE NA TEMAT PARK\u00d3W I \u015aRODOWISKA<\/strong><\/h4>\nOPIS PRODUKTU\n\nGra edukacyjna b\u0119dzie symulowa\u0107 wyzwania, kt\u00f3rym musi sprosta\u0107 organizacja administruj\u0105ca parkiem, taka jak EPEO i Parki Regionalne Sierra de Espada, w codziennej dzia\u0142alno\u015bci. Park Przyrody, jako instytucja maj\u0105ca na celu wdro\u017cenie zr\u00f3wnowa\u017conego rozwoju, powinien realizowa\u0107 misj\u0119 ochrony przyrody, ale tak\u017ce cele rozwoju i dobrobytu spo\u0142eczno\u015bci lokalnych. Oznacza to, \u017ce mamy do czynienia ze z\u0142o\u017conymi i rozbie\u017cnymi celami, kt\u00f3re doskonale pasuj\u0105 do za\u0142o\u017ce\u0144 gry, w kt\u00f3rej gracz ma za zadanie zorganizowa\u0107 kosztowne wykorzystanie zasob\u00f3w w celu uzyskania lepszego wyniku.\n\nIO4 jest gr\u0105 cyfrow\u0105 przedstawiaj\u0105c\u0105 w formie rzeczywistej mapy granice i r\u00f3\u017cne siedliska co najmniej pi\u0119ciu park\u00f3w naturalnych: parku Cento Laghi i parku River Taro, obu administrowanych przez EPEO i znajduj\u0105cych si\u0119 w kontynentalnym europejskim regionie biogeograficznym (patrz sie\u0107 Natura 2000 UE); parku regionalnego Sierra de Espad\u00e0, w \u015br\u00f3dziemnomorskim europejskim regionie biogeograficznym; park\u00f3w narodowych Sn\u00e6fellsj\u00f6kull, w arktycznym europejskim regionie biogeograficznym; i wreszcie chronionego krajobrazu Ma\u0142ych Karpat, w alpejskim europejskim regionie biogeograficznym. Oznacza to, \u017ce powa\u017cna gra obejmie trzy r\u00f3\u017cne typy obszar\u00f3w chronionych (park regionalny, park narodowy i krajobraz chroniony) oraz cztery typy europejskich \u015brodowisk geograficznych (arktyczne, alpejskie, kontynentalne i \u015br\u00f3dziemnomorskie).\n\nCELE\n\nOpracowanie narz\u0119dzia cyfrowego, kt\u00f3re pomaga w nauce uczni\u00f3w w zakresie edukacji ekologicznej, kt\u00f3re mo\u017ce ich bawi\u0107 podczas nauki. Ponadto, projekt przyczynia si\u0119 bezpo\u015brednio do realizacji celu 1 (innowacyjna i cyfrowa grywalizacja jako narz\u0119dzie edukacyjne dla szk\u00f3\u0142 ponadgimnazjalnych na temat park\u00f3w i \u015brodowiska), poniewa\u017c rezultat jest w\u0142a\u015bnie taki; celu 2 (promocja ochrony r\u00f3\u017cnorodno\u015bci biologicznej i park\u00f3w naturalnych jako istotnej warto\u015bci spo\u0142ecznej i edukacyjnej europejskiego dziedzictwa kulturowego, z silnymi powi\u0105zaniami z tworzeniem miejsc pracy i wzrostem gospodarczym), poniewa\u017c uczniowie b\u0119d\u0105 mogli dowiedzie\u0107 si\u0119 o prawdziwych parkach i lepiej zrozumie\u0107 ich znaczenie i rol\u0119 w spo\u0142ecze\u0144stwie; oraz cel 3 (wzmocnienie profilu zawodu nauczyciela dzi\u0119ki nowym umiej\u0119tno\u015bciom i wiedzy w zakresie narz\u0119dzi cyfrowych i grywalizacji), poniewa\u017c nauczyciele b\u0119d\u0105 mieli do dyspozycji narz\u0119dzie, kt\u00f3re mog\u0105 \u0142atwo zastosowa\u0107 w swoich klasach.\n\n<\/div>\t\t\t\t\t\t\t\t<\/div>\n\t\t\t\t<\/div>\n\t\t\t\t\t<\/div>\n\t\t<\/div>\n\t\t\t\t\t<\/div>\n\t\t<\/section>\n\t\t\t\t<section class=\"elementor-section elementor-top-section elementor-element elementor-element-c2b3cef elementor-section-boxed elementor-section-height-default elementor-section-height-default\" data-id=\"c2b3cef\" data-element_type=\"section\" data-e-type=\"section\">\n\t\t\t\t\t\t<div class=\"elementor-container elementor-column-gap-default\">\n\t\t\t\t\t<div class=\"elementor-column elementor-col-100 elementor-top-column elementor-element elementor-element-10aeb96\" data-id=\"10aeb96\" data-element_type=\"column\" data-e-type=\"column\">\n\t\t\t<div class=\"elementor-widget-wrap elementor-element-populated\">\n\t\t\t\t\t\t<div class=\"elementor-element elementor-element-d912bfd elementor-widget elementor-widget-heading\" data-id=\"d912bfd\" data-element_type=\"widget\" data-e-type=\"widget\" data-widget_type=\"heading.default\">\n\t\t\t\t<div class=\"elementor-widget-container\">\n\t\t\t\t\t<h2 class=\"elementor-heading-title elementor-size-default\">PARK REPORT<\/h2>\t\t\t\t<\/div>\n\t\t\t\t<\/div>\n\t\t\t\t\t<\/div>\n\t\t<\/div>\n\t\t\t\t\t<\/div>\n\t\t<\/section>\n\t\t\t\t<section class=\"elementor-section elementor-top-section elementor-element elementor-element-69e8963 elementor-section-boxed elementor-section-height-default elementor-section-height-default\" data-id=\"69e8963\" data-element_type=\"section\" data-e-type=\"section\">\n\t\t\t\t\t\t<div class=\"elementor-container elementor-column-gap-default\">\n\t\t\t\t\t<div class=\"elementor-column elementor-col-33 elementor-top-column elementor-element elementor-element-74e1ef7\" data-id=\"74e1ef7\" data-element_type=\"column\" data-e-type=\"column\">\n\t\t\t<div class=\"elementor-widget-wrap elementor-element-populated\">\n\t\t\t\t\t\t<div class=\"elementor-element elementor-element-b957547 elementor-widget elementor-widget-text-editor\" data-id=\"b957547\" data-element_type=\"widget\" data-e-type=\"widget\" data-widget_type=\"text-editor.default\">\n\t\t\t\t<div class=\"elementor-widget-container\">\n\t\t\t\t\t\t\t\t\t<p style=\"text-align: center;\"><a href=\"https:\/\/getup.erasmus.site\/wp-content\/uploads\/2023\/06\/Cento-Laghi-Park-Report-for-website.pdf\" target=\"_blank\" rel=\"noopener noreferrer\">\n<img fetchpriority=\"high\" decoding=\"async\" class=\"size-medium wp-image-117 aligncenter\" src=\"https:\/\/getup.erasmus.site\/wp-content\/uploads\/2023\/06\/Cento-Laghi-Park-Report-for-website-page-001.jpg\" alt=\"\" width=\"212\" height=\"300\" \/>\nCENTO LAGHI REGIONAL PARK Report<\/a><\/p>\t\t\t\t\t\t\t\t<\/div>\n\t\t\t\t<\/div>\n\t\t\t\t\t<\/div>\n\t\t<\/div>\n\t\t\t\t<div class=\"elementor-column elementor-col-33 elementor-top-column elementor-element elementor-element-b2bfbd4\" data-id=\"b2bfbd4\" data-element_type=\"column\" data-e-type=\"column\">\n\t\t\t<div class=\"elementor-widget-wrap elementor-element-populated\">\n\t\t\t\t\t\t<div class=\"elementor-element elementor-element-a1f2258 elementor-widget elementor-widget-text-editor\" data-id=\"a1f2258\" data-element_type=\"widget\" data-e-type=\"widget\" data-widget_type=\"text-editor.default\">\n\t\t\t\t<div class=\"elementor-widget-container\">\n\t\t\t\t\t\t\t\t\t<p style=\"text-align: center;\"><a href=\"https:\/\/getup.erasmus.site\/wp-content\/uploads\/2023\/06\/Little-Carpathians.pdf\" target=\"_blank\" rel=\"noopener noreferrer\">\n<img decoding=\"async\" class=\"size-medium wp-image-117 aligncenter\" src=\"https:\/\/getup.erasmus.site\/wp-content\/uploads\/2023\/06\/Little-Carpathians-page-001.jpg\" alt=\"\" width=\"212\" height=\"300\" \/>\nTHE LITTLE CARPATHIANS 2023<\/a><\/p>\t\t\t\t\t\t\t\t<\/div>\n\t\t\t\t<\/div>\n\t\t\t\t\t<\/div>\n\t\t<\/div>\n\t\t\t\t<div class=\"elementor-column elementor-col-33 elementor-top-column elementor-element elementor-element-fd7bfdb\" data-id=\"fd7bfdb\" data-element_type=\"column\" data-e-type=\"column\">\n\t\t\t<div class=\"elementor-widget-wrap elementor-element-populated\">\n\t\t\t\t\t\t<div class=\"elementor-element elementor-element-7875088 elementor-widget elementor-widget-text-editor\" data-id=\"7875088\" data-element_type=\"widget\" data-e-type=\"widget\" data-widget_type=\"text-editor.default\">\n\t\t\t\t<div class=\"elementor-widget-container\">\n\t\t\t\t\t\t\t\t\t<p style=\"text-align: center;\"><a href=\"https:\/\/getup.erasmus.site\/wp-content\/uploads\/2023\/06\/Serra-dEspada.pdf\" target=\"_blank\" rel=\"noopener noreferrer\">\n<img decoding=\"async\" class=\"size-medium wp-image-117 aligncenter\" src=\"https:\/\/getup.erasmus.site\/wp-content\/uploads\/2023\/06\/Serra-d-Espada-page-001.jpg\" alt=\"\" width=\"212\" height=\"300\" \/>\nSIERRA DE ESPAD\u00c1N 2021<\/a><\/p>\t\t\t\t\t\t\t\t<\/div>\n\t\t\t\t<\/div>\n\t\t\t\t\t<\/div>\n\t\t<\/div>\n\t\t\t\t\t<\/div>\n\t\t<\/section>\n\t\t\t\t<section class=\"elementor-section elementor-top-section elementor-element elementor-element-2c742b5 elementor-section-content-middle elementor-section-boxed elementor-section-height-default elementor-section-height-default\" data-id=\"2c742b5\" data-element_type=\"section\" data-e-type=\"section\">\n\t\t\t\t\t\t<div class=\"elementor-container elementor-column-gap-default\">\n\t\t\t\t\t<div class=\"elementor-column elementor-col-33 elementor-top-column elementor-element elementor-element-0dc285c\" data-id=\"0dc285c\" data-element_type=\"column\" data-e-type=\"column\">\n\t\t\t<div class=\"elementor-widget-wrap elementor-element-populated\">\n\t\t\t\t\t\t<div class=\"elementor-element elementor-element-3e8fafd elementor-widget elementor-widget-button\" data-id=\"3e8fafd\" data-element_type=\"widget\" data-e-type=\"widget\" data-widget_type=\"button.default\">\n\t\t\t\t<div class=\"elementor-widget-container\">\n\t\t\t\t\t\t\t\t\t<div class=\"elementor-button-wrapper\">\n\t\t\t\t\t<a class=\"elementor-button elementor-button-link elementor-size-sm\" href=\"https:\/\/getup.erasmus.site\/wp-content\/uploads\/2023\/06\/Cento-Laghi-Park_Get-Up-Interviews-Transcription-ENG.pdf\" target=\"_blank\">\n\t\t\t\t\t\t<span class=\"elementor-button-content-wrapper\">\n\t\t\t\t\t\t\t\t\t<span class=\"elementor-button-text\">CENTO LAGHI REGIONAL PARK Video Interview transcription<\/span>\n\t\t\t\t\t<\/span>\n\t\t\t\t\t<\/a>\n\t\t\t\t<\/div>\n\t\t\t\t\t\t\t\t<\/div>\n\t\t\t\t<\/div>\n\t\t\t\t\t<\/div>\n\t\t<\/div>\n\t\t\t\t<div class=\"elementor-column elementor-col-33 elementor-top-column elementor-element elementor-element-e1264bc\" data-id=\"e1264bc\" data-element_type=\"column\" data-e-type=\"column\">\n\t\t\t<div class=\"elementor-widget-wrap elementor-element-populated\">\n\t\t\t\t\t\t<div class=\"elementor-element elementor-element-9f8112a elementor-widget elementor-widget-button\" data-id=\"9f8112a\" data-element_type=\"widget\" data-e-type=\"widget\" data-widget_type=\"button.default\">\n\t\t\t\t<div class=\"elementor-widget-container\">\n\t\t\t\t\t\t\t\t\t<div class=\"elementor-button-wrapper\">\n\t\t\t\t\t<a class=\"elementor-button elementor-button-link elementor-size-sm\" href=\"https:\/\/getup.erasmus.site\/wp-content\/uploads\/2023\/06\/the-Little-Carpathians_Interview-with-the-park-manager_video-link_full-dialogue.pdf\" target=\"_blank\">\n\t\t\t\t\t\t<span class=\"elementor-button-content-wrapper\">\n\t\t\t\t\t\t\t\t\t<span class=\"elementor-button-text\">THE LITTLE CARPATHIANS \u2013 VIDEO INTERVIEW TRANSCRIPTION<\/span>\n\t\t\t\t\t<\/span>\n\t\t\t\t\t<\/a>\n\t\t\t\t<\/div>\n\t\t\t\t\t\t\t\t<\/div>\n\t\t\t\t<\/div>\n\t\t\t\t\t<\/div>\n\t\t<\/div>\n\t\t\t\t<div class=\"elementor-column elementor-col-33 elementor-top-column elementor-element elementor-element-e4cd78f\" data-id=\"e4cd78f\" data-element_type=\"column\" data-e-type=\"column\">\n\t\t\t<div class=\"elementor-widget-wrap elementor-element-populated\">\n\t\t\t\t\t\t<div class=\"elementor-element elementor-element-5bbf735 elementor-widget elementor-widget-button\" data-id=\"5bbf735\" data-element_type=\"widget\" data-e-type=\"widget\" data-widget_type=\"button.default\">\n\t\t\t\t<div class=\"elementor-widget-container\">\n\t\t\t\t\t\t\t\t\t<div class=\"elementor-button-wrapper\">\n\t\t\t\t\t<a class=\"elementor-button elementor-button-link elementor-size-sm\" href=\"https:\/\/getup.erasmus.site\/wp-content\/uploads\/2023\/06\/Interview_SIERRA-DE-ESPADAN.pdf\" target=\"_blank\">\n\t\t\t\t\t\t<span class=\"elementor-button-content-wrapper\">\n\t\t\t\t\t\t\t\t\t<span class=\"elementor-button-text\">INTERVIEW TO THE MANAGEMENT OFFICE OF THE REGIONAL PARK OF \u00abLA SIERRA DE ESPAD\u00c1N\u00bb<\/span>\n\t\t\t\t\t<\/span>\n\t\t\t\t\t<\/a>\n\t\t\t\t<\/div>\n\t\t\t\t\t\t\t\t<\/div>\n\t\t\t\t<\/div>\n\t\t\t\t\t<\/div>\n\t\t<\/div>\n\t\t\t\t\t<\/div>\n\t\t<\/section>\n\t\t\t\t<section class=\"elementor-section elementor-top-section elementor-element elementor-element-3ebaf2f elementor-section-boxed elementor-section-height-default elementor-section-height-default\" data-id=\"3ebaf2f\" data-element_type=\"section\" data-e-type=\"section\">\n\t\t\t\t\t\t<div class=\"elementor-container elementor-column-gap-default\">\n\t\t\t\t\t<div class=\"elementor-column elementor-col-50 elementor-top-column elementor-element elementor-element-f2ed32c\" data-id=\"f2ed32c\" data-element_type=\"column\" data-e-type=\"column\">\n\t\t\t<div class=\"elementor-widget-wrap elementor-element-populated\">\n\t\t\t\t\t\t<div class=\"elementor-element elementor-element-f0f1c09 elementor-widget elementor-widget-video\" data-id=\"f0f1c09\" data-element_type=\"widget\" data-e-type=\"widget\" data-settings=\"{&quot;video_type&quot;:&quot;hosted&quot;,&quot;controls&quot;:&quot;yes&quot;}\" data-widget_type=\"video.default\">\n\t\t\t\t<div class=\"elementor-widget-container\">\n\t\t\t\t\t\t\t<div class=\"e-hosted-video elementor-wrapper elementor-open-inline\">\n\t\t\t\t\t<video class=\"elementor-video\" src=\"https:\/\/getup.erasmus.site\/wp-content\/uploads\/Get%20Up-Eng.mp4\" controls=\"\" preload=\"metadata\" controlsList=\"nodownload\"><\/video>\n\t\t\t\t<\/div>\n\t\t\t\t\t\t<\/div>\n\t\t\t\t<\/div>\n\t\t\t\t\t<\/div>\n\t\t<\/div>\n\t\t\t\t<div class=\"elementor-column elementor-col-50 elementor-top-column elementor-element elementor-element-2216db6\" data-id=\"2216db6\" data-element_type=\"column\" data-e-type=\"column\">\n\t\t\t<div class=\"elementor-widget-wrap elementor-element-populated\">\n\t\t\t\t\t\t<div class=\"elementor-element elementor-element-5e7ac05 elementor-widget elementor-widget-video\" data-id=\"5e7ac05\" data-element_type=\"widget\" data-e-type=\"widget\" data-settings=\"{&quot;video_type&quot;:&quot;hosted&quot;,&quot;controls&quot;:&quot;yes&quot;}\" data-widget_type=\"video.default\">\n\t\t\t\t<div class=\"elementor-widget-container\">\n\t\t\t\t\t\t\t<div class=\"e-hosted-video elementor-wrapper elementor-open-inline\">\n\t\t\t\t\t<video class=\"elementor-video\" src=\"https:\/\/getup.erasmus.site\/wp-content\/uploads\/Chko%20Interview%20-%20Hd%201080P.mp4\" controls=\"\" preload=\"metadata\" controlsList=\"nodownload\"><\/video>\n\t\t\t\t<\/div>\n\t\t\t\t\t\t<\/div>\n\t\t\t\t<\/div>\n\t\t\t\t\t<\/div>\n\t\t<\/div>\n\t\t\t\t\t<\/div>\n\t\t<\/section>\n\t\t\t\t<\/div>\n\t\t","protected":false},"excerpt":{"rendered":"<p>PRODUKT INTELEKTUALNY 4: CYFROWE NARZ\u0118DZIE EDUKACYJNE NA TEMAT PARK\u00d3W I \u015aRODOWISKA OPIS PRODUKTU Gra edukacyjna b\u0119dzie symulowa\u0107 wyzwania, kt\u00f3rym musi sprosta\u0107 organizacja administruj\u0105ca parkiem, taka jak EPEO i Parki Regionalne Sierra de Espada, w codziennej dzia\u0142alno\u015bci. Park Przyrody, jako instytucja maj\u0105ca na celu wdro\u017cenie zr\u00f3wnowa\u017conego rozwoju, powinien realizowa\u0107 misj\u0119 ochrony przyrody, ale tak\u017ce cele rozwoju&hellip;&nbsp;<a href=\"https:\/\/getup.erasmus.site\/pl\/intellectual-outputs\/\" rel=\"bookmark\">Dowiedz si\u0119 wi\u0119cej &raquo;<span class=\"screen-reader-text\">Produkty intelektualne<\/span><\/a><\/p>\n","protected":false},"author":1,"featured_media":0,"parent":0,"menu_order":0,"comment_status":"closed","ping_status":"closed","template":"","meta":{"neve_meta_sidebar":"","neve_meta_container":"","neve_meta_enable_content_width":"off","neve_meta_content_width":100,"neve_meta_title_alignment":"","neve_meta_author_avatar":"","neve_post_elements_order":"","neve_meta_disable_header":"","neve_meta_disable_footer":"","neve_meta_disable_title":"","footnotes":""},"class_list":["post-309","page","type-page","status-publish","hentry"],"_links":{"self":[{"href":"https:\/\/getup.erasmus.site\/pl\/wp-json\/wp\/v2\/pages\/309","targetHints":{"allow":["GET"]}}],"collection":[{"href":"https:\/\/getup.erasmus.site\/pl\/wp-json\/wp\/v2\/pages"}],"about":[{"href":"https:\/\/getup.erasmus.site\/pl\/wp-json\/wp\/v2\/types\/page"}],"author":[{"embeddable":true,"href":"https:\/\/getup.erasmus.site\/pl\/wp-json\/wp\/v2\/users\/1"}],"replies":[{"embeddable":true,"href":"https:\/\/getup.erasmus.site\/pl\/wp-json\/wp\/v2\/comments?post=309"}],"version-history":[{"count":52,"href":"https:\/\/getup.erasmus.site\/pl\/wp-json\/wp\/v2\/pages\/309\/revisions"}],"predecessor-version":[{"id":788,"href":"https:\/\/getup.erasmus.site\/pl\/wp-json\/wp\/v2\/pages\/309\/revisions\/788"}],"wp:attachment":[{"href":"https:\/\/getup.erasmus.site\/pl\/wp-json\/wp\/v2\/media?parent=309"}],"curies":[{"name":"wp","href":"https:\/\/api.w.org\/{rel}","templated":true}]}}