{"id":309,"date":"2021-12-22T11:48:41","date_gmt":"2021-12-22T11:48:41","guid":{"rendered":"https:\/\/getup.erasmus.site\/?page_id=309"},"modified":"2023-06-20T06:55:32","modified_gmt":"2023-06-20T06:55:32","slug":"intellectual-outputs","status":"publish","type":"page","link":"https:\/\/getup.erasmus.site\/si\/intellectual-outputs\/","title":{"rendered":"Intelektu\u00e1lne v\u00fdstupy"},"content":{"rendered":"\t\t<div data-elementor-type=\"wp-page\" data-elementor-id=\"309\" class=\"elementor elementor-309\">\n\t\t\t\t\t\t<section class=\"elementor-section elementor-top-section elementor-element elementor-element-72c73495 elementor-section-boxed elementor-section-height-default elementor-section-height-default\" data-id=\"72c73495\" data-element_type=\"section\" data-e-type=\"section\">\n\t\t\t\t\t\t<div class=\"elementor-container elementor-column-gap-default\">\n\t\t\t\t\t<div class=\"elementor-column elementor-col-100 elementor-top-column elementor-element elementor-element-62e9addf\" data-id=\"62e9addf\" data-element_type=\"column\" data-e-type=\"column\">\n\t\t\t<div class=\"elementor-widget-wrap elementor-element-populated\">\n\t\t\t\t\t\t<div class=\"elementor-element elementor-element-68399396 elementor-widget elementor-widget-text-editor\" data-id=\"68399396\" data-element_type=\"widget\" data-e-type=\"widget\" data-widget_type=\"text-editor.default\">\n\t\t\t\t<div class=\"elementor-widget-container\">\n\t\t\t\t\t\t\t\t\t\n<h4><strong>INTELEKTU\u00c1LNY V\u00ddSTUP 4: DIGIT\u00c1LNY VZDEL\u00c1VAC\u00cd N\u00c1STROJ O PARKOCH A \u017dIVOTNOM PROSTRED\u00cd<\/strong><\/h4>\nPOPIS V\u00ddSTUPU\n\nVzdel\u00e1vacia hra bude simulova\u0165 v\u00fdzvy, ktor\u00e9 musia organiz\u00e1cie spr\u00e1vy parkov, ako je EPEO a Region\u00e1lne parky Sierra de Espad\u00e0, rie\u0161i\u0165 v ka\u017edodenn\u00fdch aktivit\u00e1ch. Poslan\u00edm pr\u00edrodn\u00e9ho parku, ako in\u0161tit\u00facie zameranej na realliz\u00e1ciu trvalej udr\u017eate\u013enosti, by mala by\u0165 nielen ochrana pr\u00edrody, ale aj rozvoj a kvalita \u017eivota miestnych komun\u00edt, \u010di\u017ee rie\u0161enie zlo\u017eit\u00fdch a r\u00f4znorod\u00fdch \u00faloh. Tieto \u00falohy s\u00fa zmysluplnou s\u00fa\u010das\u0165ou hry, v ktorej hr\u00e1\u010d organizuje n\u00e1kladn\u00e9 vyu\u017e\u00edvanie zdrojov na dosiahnutie lep\u0161ieho v\u00fdsledku.\n\nIO4 je digit\u00e1lna hra, ktor\u00e1 na skuto\u010dnej mape predstavuje hranice a r\u00f4zne biotopy najmenej piatich pr\u00edrodn\u00fdch parkov: parku Cento Laghi a Parku porie\u010dia Taro, ktor\u00e9 oba spravuje EPEO a s\u00fa v kontinent\u00e1lnej eur\u00f3pskej biogeografickej oblasti (pozri EU Natura sie\u0165 2000); region\u00e1lny park Sierra de Espad\u00e0 v stredomorskom eur\u00f3pskom biogeografickom regi\u00f3ne; N\u00e1rodn\u00e9 parky Sn\u00e6fellsj\u00f6kull v arktickom eur\u00f3pskom biogeografickom regi\u00f3ne a chr\u00e1nen\u00e1 krajinn\u00e1 oblas\u0165 Mal\u00e9 Karpaty v alpskom eur\u00f3pskom biogeografickom regi\u00f3ne. To znamen\u00e1, \u017ee kvalitn\u00e1 hra obashuje tri r\u00f4zne typy chr\u00e1nen\u00fdch oblast\u00ed (region\u00e1lny park, n\u00e1rodn\u00fd park a chr\u00e1nen\u00e1 krajina) a \u0161tyri typy eur\u00f3pskych geografick\u00fdch prostred\u00ed (arktick\u00e9, alpsk\u00e9, kontinent\u00e1lne a stredomorsk\u00e9).\n\nCIELE\n\nVyvin\u00fa\u0165 digit\u00e1lny n\u00e1stroj, ktor\u00fd pom\u00e1ha pri u\u010den\u00ed \u017eiakov v r\u00e1mci environment\u00e1lnej v\u00fdchovy, ktor\u00fd ich dok\u00e1\u017ee zabavi\u0165 pri u\u010den\u00ed. Navy\u0161e priamo prispieva k cie\u013eu 1 (inovat\u00edvna a digit\u00e1lna gamifik\u00e1cia ako vzdel\u00e1vac\u00ed n\u00e1stroj pre stredn\u00e9 \u0161koly o parkoch a \u017eivotnom prostred\u00ed). Cie\u013e 2 (propag\u00e1cia ochrany biodiverzity a pr\u00edrodn\u00fdch parkov ako relevantnej spolo\u010denskej a vzdel\u00e1vacej hodnoty eur\u00f3pskeho kult\u00farneho dedi\u010dstva so siln\u00fdm prepojen\u00edm na vytv\u00e1ranie pracovn\u00fdch miest a hospod\u00e1rsky rast): \u0161tudenti bud\u00fa spozn\u00e1va\u0165 skuto\u010dn\u00e9 parky a lep\u0161ie pochopia ich v\u00fdznam a \u00falohu v spolo\u010dnosti. Cie\u013e 3 (posilnenie profilu u\u010dite\u013esk\u00fdch profesi\u00ed o nov\u00e9\u00a0 zru\u010dnosti a znalosti v oblasti digit\u00e1lnych n\u00e1strojov a gamifik\u00e1cie):u\u010ditelia bud\u00fa ma\u0165 k dispoz\u00edcii n\u00e1stroj s jednoduchou aplik\u00e1ciou.\n\n<\/div>\t\t\t\t\t\t\t\t<\/div>\n\t\t\t\t<\/div>\n\t\t\t\t\t<\/div>\n\t\t<\/div>\n\t\t\t\t\t<\/div>\n\t\t<\/section>\n\t\t\t\t<section class=\"elementor-section elementor-top-section elementor-element elementor-element-c2b3cef elementor-section-boxed elementor-section-height-default elementor-section-height-default\" data-id=\"c2b3cef\" data-element_type=\"section\" data-e-type=\"section\">\n\t\t\t\t\t\t<div class=\"elementor-container elementor-column-gap-default\">\n\t\t\t\t\t<div class=\"elementor-column elementor-col-100 elementor-top-column elementor-element elementor-element-10aeb96\" data-id=\"10aeb96\" data-element_type=\"column\" data-e-type=\"column\">\n\t\t\t<div class=\"elementor-widget-wrap elementor-element-populated\">\n\t\t\t\t\t\t<div class=\"elementor-element elementor-element-d912bfd elementor-widget elementor-widget-heading\" data-id=\"d912bfd\" data-element_type=\"widget\" data-e-type=\"widget\" data-widget_type=\"heading.default\">\n\t\t\t\t<div class=\"elementor-widget-container\">\n\t\t\t\t\t<h2 class=\"elementor-heading-title elementor-size-default\">PARK REPORT<\/h2>\t\t\t\t<\/div>\n\t\t\t\t<\/div>\n\t\t\t\t\t<\/div>\n\t\t<\/div>\n\t\t\t\t\t<\/div>\n\t\t<\/section>\n\t\t\t\t<section class=\"elementor-section elementor-top-section elementor-element elementor-element-69e8963 elementor-section-boxed elementor-section-height-default elementor-section-height-default\" data-id=\"69e8963\" data-element_type=\"section\" data-e-type=\"section\">\n\t\t\t\t\t\t<div class=\"elementor-container elementor-column-gap-default\">\n\t\t\t\t\t<div class=\"elementor-column elementor-col-33 elementor-top-column elementor-element elementor-element-74e1ef7\" data-id=\"74e1ef7\" data-element_type=\"column\" data-e-type=\"column\">\n\t\t\t<div class=\"elementor-widget-wrap elementor-element-populated\">\n\t\t\t\t\t\t<div class=\"elementor-element elementor-element-b957547 elementor-widget elementor-widget-text-editor\" data-id=\"b957547\" data-element_type=\"widget\" data-e-type=\"widget\" data-widget_type=\"text-editor.default\">\n\t\t\t\t<div class=\"elementor-widget-container\">\n\t\t\t\t\t\t\t\t\t<p style=\"text-align: center;\"><a href=\"https:\/\/getup.erasmus.site\/wp-content\/uploads\/2023\/06\/Cento-Laghi-Park-Report-for-website.pdf\" target=\"_blank\" rel=\"noopener noreferrer\">\n<img fetchpriority=\"high\" decoding=\"async\" class=\"size-medium wp-image-117 aligncenter\" src=\"https:\/\/getup.erasmus.site\/wp-content\/uploads\/2023\/06\/Cento-Laghi-Park-Report-for-website-page-001.jpg\" alt=\"\" width=\"212\" height=\"300\" \/>\nCENTO LAGHI REGIONAL PARK Report<\/a><\/p>\t\t\t\t\t\t\t\t<\/div>\n\t\t\t\t<\/div>\n\t\t\t\t\t<\/div>\n\t\t<\/div>\n\t\t\t\t<div class=\"elementor-column elementor-col-33 elementor-top-column elementor-element elementor-element-b2bfbd4\" data-id=\"b2bfbd4\" data-element_type=\"column\" data-e-type=\"column\">\n\t\t\t<div class=\"elementor-widget-wrap elementor-element-populated\">\n\t\t\t\t\t\t<div class=\"elementor-element elementor-element-a1f2258 elementor-widget elementor-widget-text-editor\" data-id=\"a1f2258\" data-element_type=\"widget\" data-e-type=\"widget\" data-widget_type=\"text-editor.default\">\n\t\t\t\t<div class=\"elementor-widget-container\">\n\t\t\t\t\t\t\t\t\t<p style=\"text-align: center;\"><a href=\"https:\/\/getup.erasmus.site\/wp-content\/uploads\/2023\/06\/Little-Carpathians.pdf\" target=\"_blank\" rel=\"noopener noreferrer\">\n<img decoding=\"async\" class=\"size-medium wp-image-117 aligncenter\" src=\"https:\/\/getup.erasmus.site\/wp-content\/uploads\/2023\/06\/Little-Carpathians-page-001.jpg\" alt=\"\" width=\"212\" height=\"300\" \/>\nTHE LITTLE CARPATHIANS 2023<\/a><\/p>\t\t\t\t\t\t\t\t<\/div>\n\t\t\t\t<\/div>\n\t\t\t\t\t<\/div>\n\t\t<\/div>\n\t\t\t\t<div class=\"elementor-column elementor-col-33 elementor-top-column elementor-element elementor-element-fd7bfdb\" data-id=\"fd7bfdb\" data-element_type=\"column\" data-e-type=\"column\">\n\t\t\t<div class=\"elementor-widget-wrap elementor-element-populated\">\n\t\t\t\t\t\t<div class=\"elementor-element elementor-element-7875088 elementor-widget elementor-widget-text-editor\" data-id=\"7875088\" data-element_type=\"widget\" data-e-type=\"widget\" data-widget_type=\"text-editor.default\">\n\t\t\t\t<div class=\"elementor-widget-container\">\n\t\t\t\t\t\t\t\t\t<p style=\"text-align: center;\"><a href=\"https:\/\/getup.erasmus.site\/wp-content\/uploads\/2023\/06\/Serra-dEspada.pdf\" target=\"_blank\" rel=\"noopener noreferrer\">\n<img decoding=\"async\" class=\"size-medium wp-image-117 aligncenter\" src=\"https:\/\/getup.erasmus.site\/wp-content\/uploads\/2023\/06\/Serra-d-Espada-page-001.jpg\" alt=\"\" width=\"212\" height=\"300\" \/>\nSIERRA DE ESPAD\u00c1N 2021<\/a><\/p>\t\t\t\t\t\t\t\t<\/div>\n\t\t\t\t<\/div>\n\t\t\t\t\t<\/div>\n\t\t<\/div>\n\t\t\t\t\t<\/div>\n\t\t<\/section>\n\t\t\t\t<section class=\"elementor-section elementor-top-section elementor-element elementor-element-2c742b5 elementor-section-content-middle elementor-section-boxed elementor-section-height-default elementor-section-height-default\" data-id=\"2c742b5\" data-element_type=\"section\" data-e-type=\"section\">\n\t\t\t\t\t\t<div class=\"elementor-container elementor-column-gap-default\">\n\t\t\t\t\t<div class=\"elementor-column elementor-col-33 elementor-top-column elementor-element elementor-element-0dc285c\" data-id=\"0dc285c\" data-element_type=\"column\" data-e-type=\"column\">\n\t\t\t<div class=\"elementor-widget-wrap elementor-element-populated\">\n\t\t\t\t\t\t<div class=\"elementor-element elementor-element-3e8fafd elementor-widget elementor-widget-button\" data-id=\"3e8fafd\" data-element_type=\"widget\" data-e-type=\"widget\" data-widget_type=\"button.default\">\n\t\t\t\t<div class=\"elementor-widget-container\">\n\t\t\t\t\t\t\t\t\t<div class=\"elementor-button-wrapper\">\n\t\t\t\t\t<a class=\"elementor-button elementor-button-link elementor-size-sm\" href=\"https:\/\/getup.erasmus.site\/wp-content\/uploads\/2023\/06\/Cento-Laghi-Park_Get-Up-Interviews-Transcription-ENG.pdf\" target=\"_blank\">\n\t\t\t\t\t\t<span class=\"elementor-button-content-wrapper\">\n\t\t\t\t\t\t\t\t\t<span class=\"elementor-button-text\">CENTO LAGHI REGIONAL PARK Video Interview transcription<\/span>\n\t\t\t\t\t<\/span>\n\t\t\t\t\t<\/a>\n\t\t\t\t<\/div>\n\t\t\t\t\t\t\t\t<\/div>\n\t\t\t\t<\/div>\n\t\t\t\t\t<\/div>\n\t\t<\/div>\n\t\t\t\t<div class=\"elementor-column elementor-col-33 elementor-top-column elementor-element elementor-element-e1264bc\" data-id=\"e1264bc\" data-element_type=\"column\" data-e-type=\"column\">\n\t\t\t<div class=\"elementor-widget-wrap elementor-element-populated\">\n\t\t\t\t\t\t<div class=\"elementor-element elementor-element-9f8112a elementor-widget elementor-widget-button\" data-id=\"9f8112a\" data-element_type=\"widget\" data-e-type=\"widget\" data-widget_type=\"button.default\">\n\t\t\t\t<div class=\"elementor-widget-container\">\n\t\t\t\t\t\t\t\t\t<div class=\"elementor-button-wrapper\">\n\t\t\t\t\t<a class=\"elementor-button elementor-button-link elementor-size-sm\" href=\"https:\/\/getup.erasmus.site\/wp-content\/uploads\/2023\/06\/the-Little-Carpathians_Interview-with-the-park-manager_video-link_full-dialogue.pdf\" target=\"_blank\">\n\t\t\t\t\t\t<span class=\"elementor-button-content-wrapper\">\n\t\t\t\t\t\t\t\t\t<span class=\"elementor-button-text\">THE LITTLE CARPATHIANS \u2013 VIDEO INTERVIEW TRANSCRIPTION<\/span>\n\t\t\t\t\t<\/span>\n\t\t\t\t\t<\/a>\n\t\t\t\t<\/div>\n\t\t\t\t\t\t\t\t<\/div>\n\t\t\t\t<\/div>\n\t\t\t\t\t<\/div>\n\t\t<\/div>\n\t\t\t\t<div class=\"elementor-column elementor-col-33 elementor-top-column elementor-element elementor-element-e4cd78f\" data-id=\"e4cd78f\" data-element_type=\"column\" data-e-type=\"column\">\n\t\t\t<div class=\"elementor-widget-wrap elementor-element-populated\">\n\t\t\t\t\t\t<div class=\"elementor-element elementor-element-5bbf735 elementor-widget elementor-widget-button\" data-id=\"5bbf735\" data-element_type=\"widget\" data-e-type=\"widget\" data-widget_type=\"button.default\">\n\t\t\t\t<div class=\"elementor-widget-container\">\n\t\t\t\t\t\t\t\t\t<div class=\"elementor-button-wrapper\">\n\t\t\t\t\t<a class=\"elementor-button elementor-button-link elementor-size-sm\" href=\"https:\/\/getup.erasmus.site\/wp-content\/uploads\/2023\/06\/Interview_SIERRA-DE-ESPADAN.pdf\" target=\"_blank\">\n\t\t\t\t\t\t<span class=\"elementor-button-content-wrapper\">\n\t\t\t\t\t\t\t\t\t<span class=\"elementor-button-text\">INTERVIEW TO THE MANAGEMENT OFFICE OF THE REGIONAL PARK OF \u00abLA SIERRA DE ESPAD\u00c1N\u00bb<\/span>\n\t\t\t\t\t<\/span>\n\t\t\t\t\t<\/a>\n\t\t\t\t<\/div>\n\t\t\t\t\t\t\t\t<\/div>\n\t\t\t\t<\/div>\n\t\t\t\t\t<\/div>\n\t\t<\/div>\n\t\t\t\t\t<\/div>\n\t\t<\/section>\n\t\t\t\t<section class=\"elementor-section elementor-top-section elementor-element elementor-element-3ebaf2f elementor-section-boxed elementor-section-height-default elementor-section-height-default\" data-id=\"3ebaf2f\" data-element_type=\"section\" data-e-type=\"section\">\n\t\t\t\t\t\t<div class=\"elementor-container elementor-column-gap-default\">\n\t\t\t\t\t<div class=\"elementor-column elementor-col-50 elementor-top-column elementor-element elementor-element-f2ed32c\" data-id=\"f2ed32c\" data-element_type=\"column\" data-e-type=\"column\">\n\t\t\t<div class=\"elementor-widget-wrap elementor-element-populated\">\n\t\t\t\t\t\t<div class=\"elementor-element elementor-element-f0f1c09 elementor-widget elementor-widget-video\" data-id=\"f0f1c09\" data-element_type=\"widget\" data-e-type=\"widget\" data-settings=\"{&quot;video_type&quot;:&quot;hosted&quot;,&quot;controls&quot;:&quot;yes&quot;}\" data-widget_type=\"video.default\">\n\t\t\t\t<div class=\"elementor-widget-container\">\n\t\t\t\t\t\t\t<div class=\"e-hosted-video elementor-wrapper elementor-open-inline\">\n\t\t\t\t\t<video class=\"elementor-video\" src=\"https:\/\/getup.erasmus.site\/wp-content\/uploads\/Get%20Up-Eng.mp4\" controls=\"\" preload=\"metadata\" controlsList=\"nodownload\"><\/video>\n\t\t\t\t<\/div>\n\t\t\t\t\t\t<\/div>\n\t\t\t\t<\/div>\n\t\t\t\t\t<\/div>\n\t\t<\/div>\n\t\t\t\t<div class=\"elementor-column elementor-col-50 elementor-top-column elementor-element elementor-element-2216db6\" data-id=\"2216db6\" data-element_type=\"column\" data-e-type=\"column\">\n\t\t\t<div class=\"elementor-widget-wrap elementor-element-populated\">\n\t\t\t\t\t\t<div class=\"elementor-element elementor-element-5e7ac05 elementor-widget elementor-widget-video\" data-id=\"5e7ac05\" data-element_type=\"widget\" data-e-type=\"widget\" data-settings=\"{&quot;video_type&quot;:&quot;hosted&quot;,&quot;controls&quot;:&quot;yes&quot;}\" data-widget_type=\"video.default\">\n\t\t\t\t<div class=\"elementor-widget-container\">\n\t\t\t\t\t\t\t<div class=\"e-hosted-video elementor-wrapper elementor-open-inline\">\n\t\t\t\t\t<video class=\"elementor-video\" src=\"https:\/\/getup.erasmus.site\/wp-content\/uploads\/Chko%20Interview%20-%20Hd%201080P.mp4\" controls=\"\" preload=\"metadata\" controlsList=\"nodownload\"><\/video>\n\t\t\t\t<\/div>\n\t\t\t\t\t\t<\/div>\n\t\t\t\t<\/div>\n\t\t\t\t\t<\/div>\n\t\t<\/div>\n\t\t\t\t\t<\/div>\n\t\t<\/section>\n\t\t\t\t<\/div>\n\t\t","protected":false},"excerpt":{"rendered":"<p>INTELEKTU\u00c1LNY V\u00ddSTUP 4: DIGIT\u00c1LNY VZDEL\u00c1VAC\u00cd N\u00c1STROJ O PARKOCH A \u017dIVOTNOM PROSTRED\u00cd POPIS V\u00ddSTUPU Vzdel\u00e1vacia hra bude simulova\u0165 v\u00fdzvy, ktor\u00e9 musia organiz\u00e1cie spr\u00e1vy parkov, ako je EPEO a Region\u00e1lne parky Sierra de Espad\u00e0, rie\u0161i\u0165 v ka\u017edodenn\u00fdch aktivit\u00e1ch. Poslan\u00edm pr\u00edrodn\u00e9ho parku, ako in\u0161tit\u00facie zameranej na realliz\u00e1ciu trvalej udr\u017eate\u013enosti, by mala by\u0165 nielen ochrana pr\u00edrody, ale aj rozvoj&hellip;&nbsp;<a href=\"https:\/\/getup.erasmus.site\/si\/intellectual-outputs\/\" rel=\"bookmark\">Read More &raquo;<span class=\"screen-reader-text\">Intelektu\u00e1lne v\u00fdstupy<\/span><\/a><\/p>\n","protected":false},"author":1,"featured_media":0,"parent":0,"menu_order":0,"comment_status":"closed","ping_status":"closed","template":"","meta":{"neve_meta_sidebar":"","neve_meta_container":"","neve_meta_enable_content_width":"off","neve_meta_content_width":100,"neve_meta_title_alignment":"","neve_meta_author_avatar":"","neve_post_elements_order":"","neve_meta_disable_header":"","neve_meta_disable_footer":"","neve_meta_disable_title":"","footnotes":""},"class_list":["post-309","page","type-page","status-publish","hentry"],"_links":{"self":[{"href":"https:\/\/getup.erasmus.site\/si\/wp-json\/wp\/v2\/pages\/309","targetHints":{"allow":["GET"]}}],"collection":[{"href":"https:\/\/getup.erasmus.site\/si\/wp-json\/wp\/v2\/pages"}],"about":[{"href":"https:\/\/getup.erasmus.site\/si\/wp-json\/wp\/v2\/types\/page"}],"author":[{"embeddable":true,"href":"https:\/\/getup.erasmus.site\/si\/wp-json\/wp\/v2\/users\/1"}],"replies":[{"embeddable":true,"href":"https:\/\/getup.erasmus.site\/si\/wp-json\/wp\/v2\/comments?post=309"}],"version-history":[{"count":52,"href":"https:\/\/getup.erasmus.site\/si\/wp-json\/wp\/v2\/pages\/309\/revisions"}],"predecessor-version":[{"id":788,"href":"https:\/\/getup.erasmus.site\/si\/wp-json\/wp\/v2\/pages\/309\/revisions\/788"}],"wp:attachment":[{"href":"https:\/\/getup.erasmus.site\/si\/wp-json\/wp\/v2\/media?parent=309"}],"curies":[{"name":"wp","href":"https:\/\/api.w.org\/{rel}","templated":true}]}}