{"id":318,"date":"2021-12-22T15:28:32","date_gmt":"2021-12-22T15:28:32","guid":{"rendered":"https:\/\/getup.erasmus.site\/?page_id=318"},"modified":"2022-12-30T13:30:49","modified_gmt":"2022-12-30T13:30:49","slug":"the-project","status":"publish","type":"page","link":"https:\/\/getup.erasmus.site\/si\/the-project\/","title":{"rendered":"Projekt"},"content":{"rendered":"<section class=\"elementor-section elementor-inner-section elementor-element elementor-element-4a1eb8c elementor-section-boxed elementor-section-height-default elementor-section-height-default\" data-id=\"4a1eb8c\" data-element_type=\"section\">\n<div class=\"elementor-container elementor-column-gap-narrow\">\n<div class=\"elementor-column elementor-col-100 elementor-inner-column elementor-element elementor-element-2f264e4\" data-id=\"2f264e4\" data-element_type=\"column\" data-settings=\"{&quot;background_background&quot;:&quot;classic&quot;}\">\n<div class=\"elementor-widget-wrap elementor-element-populated\">\n<div class=\"elementor-element elementor-element-7f9466b elementor-widget elementor-widget-text-editor\" data-id=\"7f9466b\" data-element_type=\"widget\" data-widget_type=\"text-editor.default\">\n<div class=\"elementor-widget-container\">\n<h2 class=\"elementor-heading-title elementor-size-default\" style=\"text-align: center;\"><strong>Kontext<\/strong><\/h2>\n<p>S\u00fa\u010dasn\u00e1 kr\u00edza COVID-19 v\u00fdrazne ur\u00fdchlila potrebu moderniz\u00e1cie a digit\u00e1lnej transform\u00e1cie syst\u00e9mov vzdel\u00e1vania a odbornej pr\u00edpravy v celej Eur\u00f3pe. Z\u00e1kladnou potrebou sa stalo posilnenie schopnosti vzdel\u00e1vac\u00edch in\u0161tit\u00faci\u00ed poskytova\u0165 vysokokvalitn\u00e9 inkluz\u00edvne digit\u00e1lne vzdel\u00e1vanie.<\/p>\n<p>Ochrana \u017eivotn\u00e9ho prostredia je jednou z\u00a0najv\u00e4\u010d\u0161\u00edch aktu\u00e1lnych v\u00fdziev. Eur\u00f3pske krajiny prejavuj\u00fa evidentn\u00fd z\u00e1ujem a\u00a0ochotu zapoji\u0165 sa do v\u00fdvoja adekv\u00e1tnych n\u00e1strojov a\u00a0strat\u00e9gi\u00ed.<\/p>\n<p>Medzi environment\u00e1lnymi odborn\u00edkmi, u\u010dite\u013emi a\u00a0realiz\u00e1tormi je v\u0161eobecne zn\u00e1me, \u017ee aktivity, t\u00fdkaj\u00face sa environment\u00e1lneho vzdel\u00e1vania, s\u00fa e\u0161te st\u00e1le m\u00e1lo roz\u0161\u00edren\u00e9 na stredn\u00fdch \u0161kol\u00e1ch. Hlavnou pr\u00ed\u010dinou je odli\u0161n\u00fd \u0161t\u00fdl komunik\u00e1cie medzi star\u0161\u00edmi \u017eiakmi, \u00fazko sp\u00e4t\u00fd s\u00a0ich osobn\u00fdmi z\u00e1ujmami a\u00a0pou\u017e\u00edvan\u00edm m\u00e9di\u00ed a\u00a0soci\u00e1lnych siet\u00ed.<\/p>\n<p>Na environment\u00e1lne citlivom \u00fazem\u00ed n\u00e1rodn\u00e9ho parku sa realizuj\u00fa podstatn\u00e9 ekonomick\u00e9 aktivity, t\u00fdkaj\u00face sa po\u013enohospod\u00e1rstva, turistiky, \u0165a\u017eby dreva, \u010di rybolovu. Riadenie parku vy\u017eaduje h\u013eadanie s\u00fastavnej dynamickej rovnov\u00e1hy medzi \u013eudsk\u00fdmi aktivitami a\u00a0uchov\u00e1van\u00edm biodiverzity, ako aj\u00a0ka\u017edodenn\u00e9 uplat\u0148ovanie pojmu jej udr\u017eate\u013enosti.<\/p>\n<h2 class=\"elementor-heading-title elementor-size-default\" style=\"text-align: center;\"><strong>Ciele<\/strong><\/h2>\n<div class=\"elementor-element elementor-element-b189faf elementor-widget elementor-widget-text-editor\" data-id=\"b189faf\" data-element_type=\"widget\" data-widget_type=\"text-editor.default\">\n<div class=\"elementor-widget-container\">\n<p>Projekt bude prepojen\u00fd s prioritami Erasmus+ a zameran\u00fd na budovanie kapac\u00edt online implement\u00e1cie pre zmie\u0161an\u00e9 a di\u0161tan\u010dn\u00e9 vyu\u010dovanie a vzdel\u00e1vanie; na rozvoj digit\u00e1lnych pedagogick\u00fdch zru\u010dnost\u00ed u\u010dite\u013eov, ktor\u00fdm bude poskytnut\u00e9 kvalitn\u00e9 inkluz\u00edvne digit\u00e1lne vzdelanie, ako aj na rozvoj\/pou\u017eitie kvalitn\u00e9ho digit\u00e1lneho obsahu. Partnerstv\u00e1 bud\u00fa podporova\u0165: vytv\u00e1ranie siet\u00ed in\u0161tit\u00faci\u00ed v celej E\u00da, zdie\u013eanie zdrojov, odborn\u00fdch znalost\u00ed, spolupr\u00e1cu s poskytovate\u013emi digit\u00e1lnych technol\u00f3gi\u00ed, s odborn\u00edkmi ako aj pr\u00edslu\u0161n\u00fa pedagogick\u00fa prax s cie\u013eom vyvin\u00fa\u0165 rie\u0161enia \u0161it\u00e9 na mieru &#8211; prisp\u00f4soben\u00e9 miestnym v\u00fdzvam a realite.<\/p>\n<p>GET UP! zvy\u0161uje odbornos\u0165 a povedomie o \u017eivotnom prostred\u00ed medzi \u0161tudentmi stredn\u00fdch \u0161k\u00f4l, ktor\u00ed sa v bud\u00facnosti stan\u00fa plnopr\u00e1vnymi ob\u010danmi a vst\u00fapia na trh pr\u00e1ce, stimuluj\u00fac ich z\u00e1ujem o jazyk a met\u00f3dy nov\u00fdch m\u00e9di\u00ed.<\/p>\n<p>GET UP! chce u \u0161tudentov preh\u013abi\u0165 vedomosti o probl\u00e9moch a ot\u00e1zkach s\u00favisiacich s ochranou pr\u00edrody a n\u00e1sledne s environment\u00e1lnymi lok\u00e1lnymi a glob\u00e1lnymi v\u00fdzvami. Okrem toho projekt poskytuje prv\u00e9 pojmy a zru\u010dnosti pri rie\u0161en\u00ed probl\u00e9mov v IT a digit\u00e1lnej kult\u00fare.<\/p>\n<p>V tejto s\u00favislosti si GET UP! stanovuje 3 hlavn\u00e9 ciele:<\/p>\n<p>CIE\u013d 1: Inovat\u00edvna a digit\u00e1lna gamifik\u00e1cia ako vzdel\u00e1vac\u00ed n\u00e1stroj pre stredn\u00e9 \u0161koly o parkoch a \u017eivotnom prostred\u00ed.<\/p>\n<p>CIE\u013d 2: Podpora ochrany biodiverzity a pr\u00edrodn\u00fdch parkov ako relevantnej soci\u00e1lnej a vzdel\u00e1vacej hodnoty eur\u00f3pskeho kult\u00farneho dedi\u010dstva, so siln\u00fdm prepojen\u00edm na vytv\u00e1ranie pracovn\u00fdch miest a hospod\u00e1rsky rast.<\/p>\n<p>CIE\u013d 3: Posilnenie profilu u\u010dite\u013esk\u00fdch profesi\u00ed o nov\u00e9 zru\u010dnosti a znalosti v oblasti digit\u00e1lnych n\u00e1strojov a gamifik\u00e1cie.<\/p><\/div>\n<\/div>\n<\/div>\n<\/div>\n<\/div>\n<\/div>\n<\/div>\n<\/section>\n","protected":false},"excerpt":{"rendered":"<p>Kontext S\u00fa\u010dasn\u00e1 kr\u00edza COVID-19 v\u00fdrazne ur\u00fdchlila potrebu moderniz\u00e1cie a digit\u00e1lnej transform\u00e1cie syst\u00e9mov vzdel\u00e1vania a odbornej pr\u00edpravy v celej Eur\u00f3pe. Z\u00e1kladnou potrebou sa stalo posilnenie schopnosti vzdel\u00e1vac\u00edch in\u0161tit\u00faci\u00ed poskytova\u0165 vysokokvalitn\u00e9 inkluz\u00edvne digit\u00e1lne vzdel\u00e1vanie. Ochrana \u017eivotn\u00e9ho prostredia je jednou z\u00a0najv\u00e4\u010d\u0161\u00edch aktu\u00e1lnych v\u00fdziev. Eur\u00f3pske krajiny prejavuj\u00fa evidentn\u00fd z\u00e1ujem a\u00a0ochotu zapoji\u0165 sa do v\u00fdvoja adekv\u00e1tnych n\u00e1strojov a\u00a0strat\u00e9gi\u00ed. Medzi environment\u00e1lnymi&hellip;&nbsp;<a href=\"https:\/\/getup.erasmus.site\/si\/the-project\/\" rel=\"bookmark\">Read More &raquo;<span class=\"screen-reader-text\">Projekt<\/span><\/a><\/p>\n","protected":false},"author":1,"featured_media":0,"parent":0,"menu_order":0,"comment_status":"closed","ping_status":"closed","template":"","meta":{"neve_meta_sidebar":"","neve_meta_container":"","neve_meta_enable_content_width":"off","neve_meta_content_width":100,"neve_meta_title_alignment":"","neve_meta_author_avatar":"","neve_post_elements_order":"","neve_meta_disable_header":"","neve_meta_disable_footer":"","neve_meta_disable_title":"","footnotes":""},"class_list":["post-318","page","type-page","status-publish","hentry"],"_links":{"self":[{"href":"https:\/\/getup.erasmus.site\/si\/wp-json\/wp\/v2\/pages\/318","targetHints":{"allow":["GET"]}}],"collection":[{"href":"https:\/\/getup.erasmus.site\/si\/wp-json\/wp\/v2\/pages"}],"about":[{"href":"https:\/\/getup.erasmus.site\/si\/wp-json\/wp\/v2\/types\/page"}],"author":[{"embeddable":true,"href":"https:\/\/getup.erasmus.site\/si\/wp-json\/wp\/v2\/users\/1"}],"replies":[{"embeddable":true,"href":"https:\/\/getup.erasmus.site\/si\/wp-json\/wp\/v2\/comments?post=318"}],"version-history":[{"count":9,"href":"https:\/\/getup.erasmus.site\/si\/wp-json\/wp\/v2\/pages\/318\/revisions"}],"predecessor-version":[{"id":586,"href":"https:\/\/getup.erasmus.site\/si\/wp-json\/wp\/v2\/pages\/318\/revisions\/586"}],"wp:attachment":[{"href":"https:\/\/getup.erasmus.site\/si\/wp-json\/wp\/v2\/media?parent=318"}],"curies":[{"name":"wp","href":"https:\/\/api.w.org\/{rel}","templated":true}]}}